{"id":7625,"date":"2017-08-04T10:55:31","date_gmt":"2017-08-04T08:55:31","guid":{"rendered":"http:\/\/dahofficial.com\/wordpress\/?page_id=7625"},"modified":"2024-04-04T21:05:50","modified_gmt":"2024-04-04T19:05:50","slug":"lives-dvd-videos-tombe-pour-la-france","status":"publish","type":"page","link":"https:\/\/dahofficial.com\/wordpress\/lives-dvd-videos-tombe-pour-la-france\/","title":{"rendered":"LIVES \/ DVD \/ VIDEOS<br\/> Tomb\u00e9 pour la France"},"content":{"rendered":"<p><!-- TOMB\u00c9 POUR LA FRANCE - LIVES DVD VIDEOS --><\/p>\n<p><img loading=\"lazy\" decoding=\"async\" style=\"border: none;\" src=\"https:\/\/dahofficial.com\/wordpress\/wp-content\/uploads\/2010\/11\/couv_tombe_pour_la_france_1.2.jpg\" border=\"0\" alt=\"Etienne Daho - Tomb\u00e9 pour la France\" width=\"561\" height=\"477\"><\/p>\n<p><!-- ONGLETS Credits Single Maxi Live\/dvd --><\/p>\n<div id=\"sousmenu\">\n<ul class=\"nav\">\n<li class=\"crediz\"><a class=\"example7\" href=\"https:\/\/dahofficial.com\/wordpress\/wp-content\/themes\/dahofficial\/discographie\/tombe_pour_la_france\/credits_tombe_pour_la_france.html\"><img loading=\"lazy\" decoding=\"async\" style=\"border: none; margin: 0; padding: 0;\" src=\"https:\/\/dahofficial.com\/wordpress\/wp-content\/themes\/dahofficial\/images\/btn_credits.gif\" border=\"0\" alt=\"\" width=\"111\" height=\"36\"><\/a><\/li>\n<p><a href=\"https:\/\/dahofficial.com\/wordpress\/singles-tombe-pour-la-france\/\" target=\"\" rel=\"noopener noreferrer\"><img loading=\"lazy\" decoding=\"async\" style=\"border: none; margin: 0; padding: 0;\" src=\"https:\/\/dahofficial.com\/wordpress\/wp-content\/themes\/dahofficial\/images\/btn_single.gif\" border=\"0\" alt=\"\" width=\"98\" height=\"36\"><\/a><a href=\"https:\/\/dahofficial.com\/wordpress\/maxis-remix-tombe-pour-la-france\/\" target=\"\" rel=\"noopener noreferrer\"><img loading=\"lazy\" decoding=\"async\" style=\"border: none; margin: 0; padding: 0;\" src=\"https:\/\/dahofficial.com\/wordpress\/wp-content\/themes\/dahofficial\/images\/btn_maxi_remix.gif\" border=\"0\" alt=\"\" width=\"128\" height=\"36\"><\/a><img loading=\"lazy\" decoding=\"async\" style=\"border: none; margin: 0; padding: 0;\" src=\"https:\/\/dahofficial.com\/wordpress\/wp-content\/themes\/dahofficial\/images\/btn_live_dvd.gif\" border=\"0\" alt=\"\" width=\"131\" height=\"36\"><\/ul>\n<\/div>\n<p><!-- double liseret gris --><\/p>\n<p><img loading=\"lazy\" decoding=\"async\" style=\"border: none;\" src=\"https:\/\/dahofficial.com\/wordpress\/wp-content\/themes\/dahofficial\/images\/ttr_bio_page.gif\" border=\"0\" alt=\"\" width=\"560\" height=\"34\"><\/p>\n<p><!-- PRESENTATION --><\/p>\n<p>&nbsp;<\/p>\n<h1><\/h1>\n<p><strong> Les albums live, best of, DVD et vid\u00e9os de la p\u00e9riode <q>Tomb\u00e9 pour la France<\/q><\/strong><\/p>\n<p><!-- double liseret gris --><\/p>\n<p><img loading=\"lazy\" decoding=\"async\" style=\"border: none;\" src=\"https:\/\/dahofficial.com\/wordpress\/wp-content\/themes\/dahofficial\/images\/ttr_bio_page.gif\" border=\"0\" alt=\"\" width=\"560\" height=\"34\"><\/p>\n<h1>Etienne Daho E Grupo<\/h1>\n<p><em><strong>Il n&rsquo;y a sur la p\u00e9riode aucune sortie live audio et\/ou vid\u00e9o de cette tourn\u00e9e qui s&rsquo;est d\u00e9roul\u00e9e en mars et avril 1985.<br \/>\nPar contre, nous pouvons d\u00e9couvrir un titre de cette tourn\u00e9e <q>Poppy Gene Tierney<\/q> sur l&rsquo;album deluxe remastered de <q>La Notte, La Notte&#8230;<\/q> sorti le 31 mars 2014.<\/strong><\/em><br \/>\n<a href=\"https:\/\/itunes.apple.com\/fr\/album\/la-notte-la-notte-deluxe-remastered\/id844517318\" target=\"_blank\" rel=\"noopener noreferrer\"> A t\u00e9l\u00e9charger sur Itunes ici<\/a>.<br \/>\n<div class=\"wonderpluginaudio\" id=\"wonderpluginaudio-57\" data-audioplayerid=\"57\" data-width=\"560\" data-height=\"600\" data-skin=\"jukebox\" data-autoplay=\"false\" data-random=\"false\" data-forceflash=\"false\" data-forcehtml5=\"false\" data-responsive=\"false\" data-showtracklist=\"true\" data-showprogress=\"true\" data-showprevnext=\"true\" data-showloop=\"true\" data-showloading=\"false\" data-titleinbarscroll=\"true\" data-donotinit=\"false\" data-addinitscript=\"false\" data-loop=\"1\" data-tracklistitem=\"17\" data-titleinbarwidth=\"400\" data-tracklistscroll=\"false\" data-defaultvolume=\"75\" data-jsfolder=\"https:\/\/dahofficial.com\/wordpress\/wp-content\/plugins\/wonderplugin-audio\/engine\/\" style=\"display:block;position:relative;margin:0 auto;width:560px;height:auto;\"><ul class=\"amazingaudioplayer-audios\" style=\"display:none;\"><li data-artist=\"\" data-title=\"Poppy Gene Tierney (live Rennes 14 mars 1985)\" data-album=\"Titre live 85 pendant la tourn\u00e9e &quot;Etienne Daho E grupo Tour&quot; sorti exclusivement sur l'album &quot;La notte, la notte... Deluxe Remastered&quot;\" data-info=\"\" data-image=\"http:\/\/dahofficial.com\/wordpress\/wp-content\/themes\/dahofficial\/discographie\/la_notte_la_notte\/images\/LaNotteLaNotte_Pochette_200.jpg\" data-duration=\"\"><div class=\"amazingaudioplayer-source\" data-src=\"http:\/\/dahofficial.com\/wordpress\/wp-content\/themes\/dahofficial\/discographie\/la_notte_la_notte\/audio\/poppygenetierney_livelanotte_extrait.mp3\" data-type=\"audio\/mpeg\" ><\/div><\/li><\/ul><\/div><script>function wonderaudio_57_appendcss(csscode) {var head=document.head || document.getElementsByTagName(\"head\")[0];var style=document.createElement(\"style\");head.appendChild(style);style.type=\"text\/css\";if (style.styleSheet){style.styleSheet.cssText=csscode;} else {style.appendChild(document.createTextNode(csscode));}};wonderaudio_57_appendcss(\"@import url(https:\/\/fonts.googleapis.com\/css?family=Open+Sans|Oswald);  #wonderpluginaudio-57 { \tbox-sizing: content-box; }  #wonderpluginaudio-57 div { \t-webkit-box-sizing: content-box; \t-moz-box-sizing: content-box; \tbox-sizing: content-box;    }  #wonderpluginaudio-57 .amazingaudioplayer-image { \tdisplay: block; \tposition: relative; \tfloat: left; \tmargin: 4px; \toverflow: hidden; \t-webkit-box-shadow: 0 8px 6px -6px black; \t-moz-box-shadow: 0 8px 6px -6px black; \tbox-shadow: 0 8px 6px -6px black; \t-webkit-border-radius: 4px;     \t-moz-border-radius: 4px;     \tborder-radius: 4px; }  #wonderpluginaudio-57 .amazingaudioplayer-image img { \tdisplay: inline-block; \tmargin: 0; \tpadding: 0; \t-webkit-border-radius: 4px;     \t-moz-border-radius: 4px;     \tborder-radius: 4px; }  #wonderpluginaudio-57 .amazingaudioplayer-image-clear { }  #wonderpluginaudio-57 .amazingaudioplayer-text { \tdisplay: block; \tposition: relative; \ttext-align: left; \toverflow: hidden; \tpadding: 4px; \theight: 62px; }  #wonderpluginaudio-57 .amazingaudioplayer-text-clear { }  #wonderpluginaudio-57 .amazingaudioplayer-title { \tdisplay: block; \tcolor: #333; \tfont-family: \\\"Oswald\\\",Arial,sans-serif; \tfont-size: 12px; \tfont-weight: bold; }  #wonderpluginaudio-57 .amazingaudioplayer-title-clear { }  #wonderpluginaudio-57 .amazingaudioplayer-info { \tdisplay: block; \tcolor: #666; \tfont-family: Arial, sans-serif; \tfont-size: 12px; \tfont-style: italic; }  #wonderpluginaudio-57 .amazingaudioplayer-info-clear { }  #wonderpluginaudio-57 .amazingaudioplayer-bar { \tposition: relative; \twidth: 440px; \tfloat: left; \tbackground-color: #333; \tmargin: 6px 4px; \tborder: 1px solid #222; \t-webkit-border-radius: 2px; \t-moz-border-radius: 2px; \tborder-radius: 2px; \t-webkit-box-shadow: inset 0 1px 0 rgba( 255, 255, 255, 0.15 ), 0 0 3px rgba( 0, 0, 0, 0.5 ); \t-moz-box-shadow: inset 0 1px 0 rgba( 255, 255, 255, 0.15 ), 0 0 3px rgba( 0, 0, 0, 0.5 ); \tbox-shadow: inset 0 1px 0 rgba( 255, 255, 255, 0.15 ), 0 0 3px rgba( 0, 0, 0, 0.5 ); \tbackground-image: -ms-linear-gradient(top, #444444 0%, #222222 100%); \tbackground-image: -moz-linear-gradient(top, #444444 0%, #222222 100%); \tbackground-image: -o-linear-gradient(top, #444444 0%, #222222 100%); \tbackground-image: -webkit-gradient(linear, left top, left bottom, color-stop(0, #444444), color-stop(1, #222222)); \tbackground-image: -webkit-linear-gradient(top, #444444 0%, #222222 100%);  \tbackground-image: linear-gradient(to bottom, #444444 0%, #222222 100%); }  #wonderpluginaudio-57 .amazingaudioplayer-bar-buttons-clear { \tclear: both; }  #wonderpluginaudio-57 .amazingaudioplayer-bar-clear { \tclear: both; }  #wonderpluginaudio-57 .amazingaudioplayer-bar-title { \tposition: relative; \tfloat: left; \tcolor: #eee; \tfont-family: \\\"Open Sans\\\", sans-serif; \tfont-size: 12px; \tline-height: 24px; \tmargin: 0 8px; }  #wonderpluginaudio-57 .amazingaudioplayer-playpause { \tposition: relative; \tfloat: left; }  #wonderpluginaudio-57 .amazingaudioplayer-play { \tposition: relative; }  #wonderpluginaudio-57 .amazingaudioplayer-pause { \tposition: relative; }  #wonderpluginaudio-57 .amazingaudioplayer-stop { \tposition: relative; \tfloat: left; }  #wonderpluginaudio-57 .amazingaudioplayer-prev { \tposition: relative; \tfloat: left; }  #wonderpluginaudio-57 .amazingaudioplayer-next { \tposition: relative; \tfloat: left; }  #wonderpluginaudio-57 .amazingaudioplayer-loop { \tposition: relative; \tfloat: left; \tmargin: 0 2px; }  #wonderpluginaudio-57 .amazingaudioplayer-progress { \tposition: relative; \tbackground-color: #222; \t-webkit-box-shadow: -1px -1px 0 rgba( 0, 0, 0, 0.5 ), 1px 1px 0 rgba( 255, 255, 255, 0.1 ); \t-moz-box-shadow: -1px -1px 0 rgba( 0, 0, 0, 0.5 ), 1px 1px 0 rgba( 255, 255, 255, 0.1 ); \tbox-shadow: -1px -1px 0 rgba( 0, 0, 0, 0.5 ), 1px 1px 0 rgba( 255, 255, 255, 0.1 ); \tmargin: 8px 4px; \t-webkit-border-radius: 4px; \t-moz-border-radius: 4px; \tborder-radius: 4px; }  #wonderpluginaudio-57 .amazingaudioplayer-progress-loaded { \tbackground-color: #444; \t-webkit-border-radius: 4px; \t-moz-border-radius: 4px; \tborder-radius: 4px; }  #wonderpluginaudio-57 .amazingaudioplayer-progress-played { \t-webkit-border-radius: 4px; \t-moz-border-radius: 4px; \tborder-radius: 4px; \tbackground-color: #dddddd; \tbackground-image: -ms-linear-gradient(top, #dddddd 0%, #dddddd 100%); \tbackground-image: -moz-linear-gradient(top, #dddddd 0%, #dddddd 100%); \tbackground-image: -o-linear-gradient(top, #dddddd 0%, #dddddd 100%); \tbackground-image: -webkit-gradient(linear, left top, left bottom, color-stop(0, #dddddd), color-stop(1, #dddddd)); \tbackground-image: -webkit-linear-gradient(top, #dddddd 0%, #dddddd 100%);  \tbackground-image: linear-gradient(to bottom, #dddddd 0%, #dddddd 100%); }  #wonderpluginaudio-57 .amazingaudioplayer-time { \tposition: relative; \tfloat: right; \tcolor: #fff; \tfont-family: \\\"Open Sans\\\", sans-serif; \tfont-size: 12px; \ttext-shadow: 1px 1px 0 #000; \tline-height: 24px; \tmargin: 0 4px; }  #wonderpluginaudio-57 .amazingaudioplayer-volume { \tposition: relative; \tfloat: right; }  #wonderpluginaudio-57 .amazingaudioplayer-volume-bar { \tbackground-color: #333; \tborder: 1px solid #222; \t-webkit-border-radius: 4px; \t-moz-border-radius: 4px; \tborder-radius: 4px; \t-webkit-box-shadow: inset 0 1px 0 rgba( 255, 255, 255, 0.15 ), 0 0 3px rgba( 0, 0, 0, 0.5 ); \t-moz-box-shadow: inset 0 1px 0 rgba( 255, 255, 255, 0.15 ), 0 0 3px rgba( 0, 0, 0, 0.5 ); \tbox-shadow: inset 0 1px 0 rgba( 255, 255, 255, 0.15 ), 0 0 3px rgba( 0, 0, 0, 0.5 ); \tbackground-image: -ms-linear-gradient(top, #444444 0%, #111111 100%); \tbackground-image: -moz-linear-gradient(top, #444444 0%, #111111 100%); \tbackground-image: -o-linear-gradient(top, #444444 0%, #111111 100%); \tbackground-image: -webkit-gradient(linear, left top, left bottom, color-stop(0, #444444), color-stop(1, #111111)); \tbackground-image: -webkit-linear-gradient(top, #444444 0%, #111111 100%); \tbackground-image: linear-gradient(to bottom, #444444 0%, #111111 100%); }  #wonderpluginaudio-57 .amazingaudioplayer-volume-bar-adjust { \tbackground-color: #222; \t-webkit-box-shadow: -1px -1px 0 rgba( 0, 0, 0, 0.5 ), 1px 1px 0 rgba( 255, 255, 255, 0.1 ); \t-moz-box-shadow: -1px -1px 0 rgba( 0, 0, 0, 0.5 ), 1px 1px 0 rgba( 255, 255, 255, 0.1 ); \tbox-shadow: -1px -1px 0 rgba( 0, 0, 0, 0.5 ), 1px 1px 0 rgba( 255, 255, 255, 0.1 ); }  #wonderpluginaudio-57 .amazingaudioplayer-volume-bar-adjust-active { \tbackground-color: #dddddd; \t-webkit-box-shadow: inset 0 0 5px rgba( 255, 255, 255, 0.5 ); \t-moz-box-shadow: inset 0 0 5px rgba( 255, 255, 255, 0.5 ); \tbox-shadow: inset 0 0 5px rgba( 255, 255, 255, 0.5 ); }  #wonderpluginaudio-57 .amazingaudioplayer-tracklist { \tdisplay: block; \tposition: relative; }  #wonderpluginaudio-57 .amazingaudioplayer-tracklist-container { \tdisplay: block; \tposition: relative; \tbackground-color: #AAA; \tborder: 1px solid #BBB; \t-webkit-border-radius: 2px;     -moz-border-radius: 2px;     border-radius: 2px; \tmargin: 4px; \tpadding: 12px 12px 16px; \t-webkit-box-shadow: inset 0 1px 0 rgba( 255, 255, 255, 0.15 ), 0 0 3px rgba( 0, 0, 0, 0.5 ); \t-moz-box-shadow: inset 0 1px 0 rgba( 255, 255, 255, 0.15 ), 0 0 3px rgba( 0, 0, 0, 0.5 ); \tbox-shadow: inset 0 1px 0 rgba( 255, 255, 255, 0.15 ), 0 0 3px rgba( 0, 0, 0, 0.5 ); \tbackground-image: -ms-linear-gradient(top, #AAAAAA 0%, #BBBBBB 100%); \tbackground-image: -moz-linear-gradient(top, #AAAAAA 0%, #BBBBBB 100%); \tbackground-image: -o-linear-gradient(top, #AAAAAA 0%, #BBBBBB 100%); \tbackground-image: -webkit-gradient(linear, left top, left bottom, color-stop(0, #AAAAAA), color-stop(1, #BBBBBB)); \tbackground-image: -webkit-linear-gradient(top, #AAAAAA 0%, #BBBBBB 100%); \tbackground-image: linear-gradient(to bottom, #AAAAAA 0%, #BBBBBB 100%); }  #wonderpluginaudio-57 .amazingaudioplayer-tracks-wrapper { \tposition: relative; }  #wonderpluginaudio-57 .amazingaudioplayer-tracks { \tposition: relative; \tlist-style-type: none; \tmargin: 0; \tpadding: 0; }  #wonderpluginaudio-57 .amazingaudioplayer-track-item { \tposition: relative; \tcursor: pointer; \tcolor: #111; \tfont-family: \\\"Open Sans\\\", Arial, sans-serif; \tfont-size: 11px; \ttext-shadow: 0 1px 1px rgba(0, 0, 0, 0.2); \tline-height: 20px; \tmargin: 0; \tpadding: 0; \ttext-align: left; }  #wonderpluginaudio-57 .amazingaudioplayer-track-item-active { \tcursor: pointer; \tcolor: #fff; }  #wonderpluginaudio-57 .amazingaudioplayer-track-item a { \tcolor: #999;     text-decoration: none; }  #wonderpluginaudio-57 .amazingaudioplayer-track-item-active a { \tcolor: #fff;     text-decoration: none; }  #wonderpluginaudio-57 .amazingaudioplayer-track-item-duration { \tposition: absolute; \ttop: 0; \tright: 0; }  #wonderpluginaudio-57 .amazingaudioplayer-tracklist-arrow-prev { \tposition: absolute; \tbottom: 2px; \tleft: 50%; \tmargin-left: -64px; }  #wonderpluginaudio-57 .amazingaudioplayer-tracklist-arrow-next { \tposition: absolute; \tbottom: 2px; \tleft: 50%; \tmargin-left: 16px; }  #wonderpluginaudio-57 .amazingaudioplayer-tracklist-clear { \tclear: both; } #wonderpluginaudio-57 .amazingaudioplayer-item-id {float: left; margin: 0 8px 0 0;}  #wonderpluginaudio-57 .amazingaudioplayer-item-info {float: right;}  #wonderpluginaudio-57 .amazingaudioplayer-item-title { \toverflow: hidden; } #wonderpluginaudio-57 .amazingaudioplayer-track-item:before, #wonderpluginaudio-57 .amazingaudioplayer-track-item:after {display: none;} #wonderpluginaudio-57 ul, #wonderpluginaudio-57 li { list-style-type: none;}\");<\/script><\/p>\n<p><!-- double liseret gris --><\/p>\n<p><img loading=\"lazy\" decoding=\"async\" style=\"border: none;\" src=\"https:\/\/dahofficial.com\/wordpress\/wp-content\/themes\/dahofficial\/images\/ttr_bio_page.gif\" border=\"0\" alt=\"\" width=\"560\" height=\"34\"><\/p>\n<h1>Vid\u00e9os &#8211; Album<\/h1>\n<p><em><strong>Pour d\u00e9couvrir l&rsquo;album sur la chaine Youtube \u00ab Dahofficial \u00bb<\/strong><\/em><\/p>\n<p><iframe loading=\"lazy\" width=\"560\" height=\"315\" src=\"https:\/\/www.youtube.com\/embed\/videoseries?list=PLlAEAAdWIl5xFoHeh1I1aQLaCOsdNwEMO\" title=\"YouTube video player\" frameborder=\"0\" allow=\"accelerometer; autoplay; clipboard-write; encrypted-media; gyroscope; picture-in-picture\" allowfullscreen=\"\"><\/iframe><\/p>\n<p>&nbsp;<\/p>\n<p><!-- RETOUR --><\/p>\n<p><img loading=\"lazy\" decoding=\"async\" style=\"border: none;\" src=\"https:\/\/dahofficial.com\/wordpress\/wp-content\/themes\/dahofficial\/images\/ttr_bio_page.gif\" border=\"0\" alt=\"\" width=\"560\" height=\"34\"><\/p>\n<p><a href=\"https:\/\/dahofficial.com\/wordpress\/discographie\/tombe-pour-la-france\/\"><\/p>\n<h3>Retour au chapitre <q>Tomb\u00e9 pour la France<\/q><\/h3>\n<p><\/a><\/p>\n<p>&nbsp;<\/p>\n<p>&nbsp;<\/p>\n<p><!-- liseret gris --><\/p>\n<p><!-- COMMENTAIRE FINAL --><\/p>\n<p><img loading=\"lazy\" decoding=\"async\" style=\"border: none;\" src=\"https:\/\/dahofficial.com\/wordpress\/wp-content\/themes\/dahofficial\/images\/ttr_bio_page.gif\" border=\"0\" alt=\"\" width=\"560\" height=\"34\"><br \/>\nNous d\u00e9sirons que le site d&rsquo;Etienne soit le plus complet et le plus parfait possible.<br \/>\nSi vous d\u00e9tectez la moindre erreur, un souci de lien, ou si vous d\u00e9sirez apporter un compl\u00e9ment d&rsquo;information ou un document, nous vous invitons \u00e0 nous contacter \u00e0 l&rsquo;adresse mail suivante : webmaster@dahofficial.com<br \/>\nLe site d&rsquo;Etienne vous remercie par avance.<\/p>\n<p><!-- liseret gris --><\/p>\n<p><img loading=\"lazy\" decoding=\"async\" style=\"border: none;\" src=\"https:\/\/dahofficial.com\/wordpress\/wp-content\/themes\/dahofficial\/images\/ttr_bio_page.gif\" border=\"0\" alt=\"\" width=\"560\" height=\"34\"><\/p>\n","protected":false},"excerpt":{"rendered":"<p>&nbsp; Les albums live, best of, DVD et vid\u00e9os de la p\u00e9riode Tomb\u00e9 pour la France Etienne Daho E Grupo Il n&rsquo;y a sur la p\u00e9riode aucune sortie live audio et\/ou vid\u00e9o de cette tourn\u00e9e qui s&rsquo;est d\u00e9roul\u00e9e en mars et avril 1985. Par contre, nous pouvons d\u00e9couvrir un titre de cette tourn\u00e9e Poppy Gene [&hellip;]<\/p>\n","protected":false},"author":3,"featured_media":0,"parent":0,"menu_order":0,"comment_status":"closed","ping_status":"closed","template":"","meta":{"footnotes":""},"_links":{"self":[{"href":"https:\/\/dahofficial.com\/wordpress\/wp-json\/wp\/v2\/pages\/7625"}],"collection":[{"href":"https:\/\/dahofficial.com\/wordpress\/wp-json\/wp\/v2\/pages"}],"about":[{"href":"https:\/\/dahofficial.com\/wordpress\/wp-json\/wp\/v2\/types\/page"}],"author":[{"embeddable":true,"href":"https:\/\/dahofficial.com\/wordpress\/wp-json\/wp\/v2\/users\/3"}],"replies":[{"embeddable":true,"href":"https:\/\/dahofficial.com\/wordpress\/wp-json\/wp\/v2\/comments?post=7625"}],"version-history":[{"count":19,"href":"https:\/\/dahofficial.com\/wordpress\/wp-json\/wp\/v2\/pages\/7625\/revisions"}],"predecessor-version":[{"id":13756,"href":"https:\/\/dahofficial.com\/wordpress\/wp-json\/wp\/v2\/pages\/7625\/revisions\/13756"}],"wp:attachment":[{"href":"https:\/\/dahofficial.com\/wordpress\/wp-json\/wp\/v2\/media?parent=7625"}],"curies":[{"name":"wp","href":"https:\/\/api.w.org\/{rel}","templated":true}]}}