{"id":4777,"date":"2014-02-18T00:33:31","date_gmt":"2014-02-17T22:33:31","guid":{"rendered":"http:\/\/dahofficial.com\/wordpress\/"},"modified":"2024-02-05T01:30:37","modified_gmt":"2024-02-04T23:30:37","slug":"festivals-dete","status":"publish","type":"page","link":"https:\/\/dahofficial.com\/wordpress\/festivals-dete\/","title":{"rendered":"Festivals d&rsquo;\u00e9t\u00e9 2014 et 2015"},"content":{"rendered":"<h2>ETIENNE DAHO &#8211; DISK\u00d6NOIR SUMMER TOUR<\/h2>\n<p><!-- double liseret gris --><br \/>\n<img loading=\"lazy\" decoding=\"async\" style=\"border: none;\" src=\"http:\/\/dahofficial.com\/wordpress\/wp-content\/themes\/dahofficial\/images\/ttr_bio_page.gif\" border=\"0\" alt=\"\" width=\"560\" height=\"34\"><br \/>\nMise \u00e0 jour du 3 septembre 2015<\/p>\n<p><!-- Dates en listing simple --><\/p>\n<p><strong>DISK\u00d6NOIR TOUR &#8211; FESTIVAL D&rsquo;ETE 2014<\/strong><br \/>\nVendredi 11 juillet 2014 \u2013 ST MALO DU BOIS (85) \u2013 Poupet Festival<br \/>\nDimanche 13 juillet 2014 \u2013 AIX-LES-BAINS (73) \u2013 Festival Musilac<br \/>\nLundi 14 juillet 2014 \u2013 MONTREUX (CH) \u2013 Montreux Jazz Festival<br \/>\nMercredi 16 juillet 2014 \u2013 CARCASSONNE (11) \u2013 Festival \u2013 Th\u00e9\u00e2tre Jean-Deschamps, Cit\u00e9 M\u00e9di\u00e9vale<br \/>\nVendredi 18 juillet 2014 \u2013 LYON (69) \u2013 Les Nuits de Fourvi\u00e8re<br \/>\nDimanche 20 juillet 2014 &#8211; CARHAIX-PLOUGUER (29) &#8211; Les Vieilles Charrues<\/p>\n<p><strong>DISK\u00d6NOIR SUMMER TOUR &#8211; FESTIVAL D&rsquo;ETE 2015<\/strong><br \/>\nSamedi 4 juillet 2015 \u2013 BELFORT \u2013 Les Eurock\u00e9ennes<br \/>\nDimanche 5 juillet 2015 \u2013 CAEN \u2013 Beauregard<br \/>\nVendredi 10 juillet 2015 \u2013 LA ROCHELLE \u2013 Les Francofolies<br \/>\nSamedi 11 juillet 2015 \u2013 ALBI \u2013 Pause Guitare<br \/>\nDimanche 12 juillet 2015 \u2013 ARGELES SUR MER \u2013 Les D\u00e9ferlantes<br \/>\nMardi 21 juillet 2015 \u2013 NIMES \u2013 Les Ar\u00e8nes<br \/>\nDimanche 26 juillet 2015 \u2013 NYON (SUISSE) \u2013 Paleo Festival<br \/>\nJeudi 20 ao\u00fbt 2015 \u2013 CHARLEVILLE MEZIERES \u2013 Le Cabaret Vert<br \/>\nVendredi 21 ao\u00fbt 2015 \u2013 BRUXELLES (BELGIQUE) \u2013 Brussels Summer Festival<br \/>\nVendredi 28 ao\u00fbt 2015 \u2013 DIJON \u2013 Concert de rentr\u00e9e<br \/>\nSamedi 29 ao\u00fbt 2015 \u2013 PARIS \u2013 Rock en Seine<br \/>\n<!-- d\u00e9but accord\u00e9on DATES DETAILLEES --><\/p>\n<div id=\"accordion_reg\" style=\"background-color: transparent;\">\n<div id=\"accordion_wrap\">\n<dl class=\"accordion\"><!-- d\u00e9but 1 --><\/p>\n<dt class=\"accordion_toggler_1\" style=\"background-color: transparent; height: 34px; border: medium none;\"> <a style=\"border: none;\" name=\"revue\"><img loading=\"lazy\" decoding=\"async\" style=\"border: none;\" src=\"http:\/\/dahofficial.com\/wordpress\/wp-content\/themes\/dahofficial\/images\/ttr_dates_detaillees.png\" border=\"0\" alt=\"\" width=\"561\" height=\"36\"><\/a><\/dt>\n<p>Cliquez ci-dessus pour d\u00e9couvrir chaque date de concert en d\u00e9tail (affiche, billet, presse, photos, &#8230;)<br \/>\nEnvoyez-nous une photo ou un scan de votre billet,  ou bien une photo de l&rsquo;affiche du concert, la presse, nous les pr\u00e9senterons sur cette page<\/p>\n<dd class=\"accordion_content accordion_content_1\">\n<dl><!-- d\u00e9but 1.1 Dates d\u00e9taill\u00e9es --><\/p>\n<dt class=\"accordion_toggler_2\">Vendredi 11 juillet 2014 \u2013 ST MALO DU BOIS (85) \u2013 Poupet Festival<\/dt>\n<dd class=\"accordion_content accordion_content_2\">\n<dl>\n<p>La capacit\u00e9 du site limit\u00e9e \u00e0 3000 spectateurs favorise les conditions d&rsquo;\u00e9coute et de visibilit\u00e9, cette limitation volontaire fait que la plupart du temps les billets s&rsquo;arrachent en quelques jours.<\/p>\n<p><u>Date et heure<\/u> : Vendredi 11 juillet 2014, 19h30, heure de passage d&rsquo;Etienne non d\u00e9termin\u00e9e.<\/p>\n<p><u>Lieu<\/u> : <q>Le Th\u00e9\u00e2tre de Verdure<\/q>, c&rsquo;est l&rsquo;atout incontestable qui fait la singularit\u00e9 du festival, ce th\u00e9\u00e2tre s&rsquo;est nich\u00e9 dans un \u00e9crin de verdure au pied de la S\u00e8vre nantaise, dans la Vall\u00e9e de Poupet.<\/p>\n<p><u>Billets <\/u> : Nous attendons vos billets avec votre accord pour le pr\u00e9senter ici<\/p>\n<p><img decoding=\"async\" class=\"alignnone size-full wp-image-3980\" title=\"Etienne Daho Affiche Festival Poupet\" src=\"http:\/\/dahofficial.com\/wordpress\/wp-content\/themes\/dahofficial\/discographie\/les_chansons_de_linnocence_retrouvee\/diskonoirtour\/festival\/Poupet01_533.jpg\" alt=\"\" width=\"533\"><br \/>\n<img decoding=\"async\" class=\"alignnone size-full wp-image-3980\" title=\"Etienne Daho Affiche Festival Poupet\" src=\"http:\/\/dahofficial.com\/wordpress\/wp-content\/themes\/dahofficial\/discographie\/les_chansons_de_linnocence_retrouvee\/diskonoirtour\/festival\/Poupet02_533.jpg\" alt=\"\" width=\"533\"><br \/>\nLe Th\u00e9atre de verdure.<\/dl>\n<p><!-- fin 1.1 Dates d\u00e9taill\u00e9es --><br \/>\n<!-- d\u00e9but 1.2 Dates d\u00e9taill\u00e9es --><\/dd>\n<dt class=\"accordion_toggler_2\">Dimanche 13 juillet 2014 \u2013 AIX-LES-BAINS (73) &#8211; Festival Musilac (13\u00e8me \u00e9dition)<\/dt>\n<dd class=\"accordion_content accordion_content_2\">\n<dl>\n<p><u>Festival Musilac<\/u> : <a href=\"http:\/\/www.musilac.com\/\" target=\"_blank\" rel=\"noopener\"> http:\/\/www.musilac.com\/<\/a><\/p>\n<p><u>Date et heure<\/u> : Dimanche 13 juillet 2014, \u00e0 partir de 15h, heure de passage d&rsquo;Etienne non d\u00e9termin\u00e9e, ouverture du site 12h.<\/p>\n<p><u>Lieu<\/u> : Esplanade du bord du lac du Bourget, 73100 Aix-les-Bains  (pr\u00e8s de l&#8217;embouchure du Sierroz)<\/p>\n<p><u>Billets <\/u> : Nous attendons vos billets avec votre accord pour le pr\u00e9senter ici<\/p>\n<p><img decoding=\"async\" class=\"alignnone size-full wp-image-3980\" title=\"Etienne Daho Affiche Musilac\" src=\"http:\/\/dahofficial.com\/wordpress\/wp-content\/themes\/dahofficial\/discographie\/les_chansons_de_linnocence_retrouvee\/diskonoirtour\/festival\/Musilac01_560.jpg\" alt=\"\" width=\"533\"><br \/>\n<img decoding=\"async\" class=\"alignnone size-full wp-image-3980\" title=\"Etienne Daho Affiche Musilac\" src=\"http:\/\/dahofficial.com\/wordpress\/wp-content\/themes\/dahofficial\/discographie\/les_chansons_de_linnocence_retrouvee\/diskonoirtour\/festival\/MusilacTransp_560.jpg\" alt=\"\" width=\"533\"><br \/>\n<img decoding=\"async\" class=\"alignnone size-full wp-image-3980\" title=\"Etienne Daho Affiche Musilac\" src=\"http:\/\/dahofficial.com\/wordpress\/wp-content\/themes\/dahofficial\/discographie\/les_chansons_de_linnocence_retrouvee\/diskonoirtour\/festival\/Musilac02_533.jpg\" alt=\"\" width=\"533\"><br \/>\nAffiches Musilac<\/dl>\n<p><!-- fin 1.2 Dates d\u00e9taill\u00e9es --><br \/>\n<!-- d\u00e9but 1.3 Dates d\u00e9taill\u00e9es --><\/dd>\n<dt class=\"accordion_toggler_2\">Lundi 14 juillet 2014 \u2013 MONTREUX (CH) \u2013 Montreux Jazz Festival<\/dt>\n<dd class=\"accordion_content accordion_content_2\">\n<dl>\n<p><u>Montreux Jazz Festival<\/u> : <a href=\"http:\/\/www.montreuxjazzfestival.com\/fr\" target=\"_blank\" rel=\"noopener\"> http:\/\/www.montreuxjazzfestival.com\/fr<\/a>.<\/p>\n<p><u>Date et heure<\/u> : Lundi 14 juillet 2014, 20h30, apr\u00e8s <q>Oh! Tiger Mountain (1\u00e8re partie)<\/q><\/p>\n<p><u>Lieu<\/u> : Montreux Jazz Lab, Grand Rue 95, 1820 MONTREUX &#8211; SUISSE, la salle <a href=\"http:\/\/www.montreuxjazzfestival.com\/fr\/content\/montreux-jazz-lab\" target=\"_blank\" rel=\"noopener\">  Jazz Lab<\/a><\/p>\n<p><u>Billets <\/u> : Nous attendons vos billets avec votre accord pour le pr\u00e9senter ici<\/p>\n<p><img decoding=\"async\" class=\"alignnone size-full wp-image-3980\" title=\"Etienne Daho Festival Jazz de Montreux\" src=\"http:\/\/dahofficial.com\/wordpress\/wp-content\/themes\/dahofficial\/discographie\/les_chansons_de_linnocence_retrouvee\/diskonoirtour\/festival\/Montreux01_533.jpg\" alt=\"\" width=\"533\"><br \/>\n<img decoding=\"async\" class=\"alignnone size-full wp-image-3980\" title=\"Etienne Daho Affiche Musilac\" src=\"http:\/\/dahofficial.com\/wordpress\/wp-content\/themes\/dahofficial\/discographie\/les_chansons_de_linnocence_retrouvee\/diskonoirtour\/festival\/Montreux02_533.jpg\" alt=\"\" width=\"533\"><br \/>\n<img decoding=\"async\" class=\"alignnone size-full wp-image-3980\" title=\"Etienne Daho Affiche Musilac\" src=\"http:\/\/dahofficial.com\/wordpress\/wp-content\/themes\/dahofficial\/discographie\/les_chansons_de_linnocence_retrouvee\/diskonoirtour\/festival\/Montreux_SalleLab_533.jpg\" alt=\"\" width=\"533\"><br \/>\nSalle Jazz Lab<\/dl>\n<p><!-- fin 1.3 Dates d\u00e9taill\u00e9es --><br \/>\n<!-- d\u00e9but 1.4 Dates d\u00e9taill\u00e9es --><\/dd>\n<dt class=\"accordion_toggler_2\">Mercredi 16 juillet 2014 \u2013 CARCASSONNE (11) \u2013 Festival<\/dt>\n<dd class=\"accordion_content accordion_content_2\">\n<dl>\n<p><u>Festival de Carcassonne<\/u> : <a href=\"http:\/\/www.festivaldecarcassonne.fr\/festival.nsf\/vueTitre\/FestivaldeCarcassonne\" target=\"_blank\" rel=\"noopener\"> http:\/\/www.festivaldecarcassonne.fr<\/a><\/p>\n<p><u>Date et heure<\/u> : Mercredi 16 juillet 2014, 21h30.<\/p>\n<p><u>Lieu<\/u> : Th\u00e9\u00e2tre Jean-Deschamps, Cit\u00e9 M\u00e9di\u00e9vale,  11000 Carcassonne<\/p>\n<p><u>Billets <\/u> : Nous attendons vos billets avec votre accord pour le pr\u00e9senter ici<\/p>\n<p><img decoding=\"async\" class=\"alignnone size-full wp-image-3980\" title=\"Etienne Daho Affiche Festival Carcassonne\" src=\"http:\/\/dahofficial.com\/wordpress\/wp-content\/themes\/dahofficial\/discographie\/les_chansons_de_linnocence_retrouvee\/diskonoirtour\/festival\/Carcassonne02_560.jpg\" alt=\"\" width=\"533\"><br \/>\n<img decoding=\"async\" class=\"alignnone size-full wp-image-3980\" title=\"Etienne Daho Affiche Carcassonne\" src=\"http:\/\/dahofficial.com\/wordpress\/wp-content\/themes\/dahofficial\/discographie\/les_chansons_de_linnocence_retrouvee\/diskonoirtour\/festival\/Carcassonne03a_560.jpg\" alt=\"\" width=\"533\"><br \/>\n<img decoding=\"async\" class=\"alignnone size-full wp-image-3980\" title=\"Etienne Daho Affiche Carcassonne\" src=\"http:\/\/dahofficial.com\/wordpress\/wp-content\/themes\/dahofficial\/discographie\/les_chansons_de_linnocence_retrouvee\/diskonoirtour\/festival\/Carcassonne01_560.jpg\" alt=\"\" width=\"533\"><br \/>\nAffiches Festival de Carcassonne<\/dl>\n<p><!-- fin 1.4 Dates d\u00e9taill\u00e9es --><br \/>\n<!-- d\u00e9but 1.5 Dates d\u00e9taill\u00e9es --><\/dd>\n<dt class=\"accordion_toggler_2\">Vendredi 18 juillet 2014 \u2013 LYON (69) \u2013 Les Nuits de Fourvi\u00e8re<\/dt>\n<dd class=\"accordion_content accordion_content_2\">\n<dl>\n<p><u>Les nuits de Fourvi\u00e8re<\/u> : <a href=\"http:\/\/www.nuitsdefourviere.com\/\" target=\"_blank\" rel=\"noopener\"> http:\/\/www.nuitsdefourviere.com\/<\/a><\/p>\n<p><u>Date et heure<\/u> : Vendredi 18 juillet 2014, heure non d\u00e9termin\u00e9e<br \/>\nEn premi\u00e8re partie : Perez<\/p>\n<p><u>Lieu<\/u> : Grand th\u00e9\u00e2tre antique romain du parc arch\u00e9ologique de Fourvi\u00e8re, rue de l\u2019Antiquaille, 69005, Lyon<\/p>\n<p><u>Billets <\/u> : Nous attendons vos billets avec votre accord pour le pr\u00e9senter ici<\/p>\n<p><img decoding=\"async\" class=\"alignnone size-full wp-image-3980\" title=\"Etienne Daho Affiche Nuits de Fourvi\u00e8re Lyon\" src=\"http:\/\/dahofficial.com\/wordpress\/wp-content\/themes\/dahofficial\/discographie\/les_chansons_de_linnocence_retrouvee\/diskonoirtour\/festival\/Fourviere01_533.jpg\" alt=\"\" width=\"533\"><br \/>\n<img decoding=\"async\" class=\"alignnone size-full wp-image-3980\" title=\"Etienne Daho Affiche Nuits de Fourvi\u00e8re Lyon\" src=\"http:\/\/dahofficial.com\/wordpress\/wp-content\/themes\/dahofficial\/discographie\/les_chansons_de_linnocence_retrouvee\/diskonoirtour\/festival\/Fourviere02_533.jpg\" alt=\"\" width=\"533\"><br \/>\nLes Nuits de Fourvi\u00e8re<\/dl>\n<p><!-- fin 1.5 Dates d\u00e9taill\u00e9es --><br \/>\n<!-- debut 1.6 Dates d\u00e9taill\u00e9es --><\/dd>\n<dt class=\"accordion_toggler_2\">Dimanche 20 juillet 2014 CARHAIX-PLOUGUER (29) &#8211; Les Vieilles Charues<\/dt>\n<dd class=\"accordion_content accordion_content_2\">\n<dl>\n<p><u>Les Vieilles Charrues<\/u> : <a href=\"http:\/\/www.vieillescharrues.asso.fr\/2014\/\" target=\"_blank\" rel=\"noopener\"> http:\/\/www.vieillescharrues.asso.fr\/2014\/<\/a><\/p>\n<p><u>Date et heure<\/u> : Dimanche 20 juillet 2014, heure non d\u00e9termin\u00e9e<\/p>\n<p><u>Lieu<\/u> : Sc\u00e8ne Kerouac, sur le site de Kerampuilh, Carhaix-Plouguer (29)<\/p>\n<p><u>Billets <\/u> : Nous attendons vos billets avec votre accord pour le pr\u00e9senter ici<\/p>\n<p><img decoding=\"async\" class=\"alignnone size-full wp-image-3980\" title=\"Etienne Daho Affiche festival Vieilles Charrues Carheix\" src=\"http:\/\/dahofficial.com\/wordpress\/wp-content\/themes\/dahofficial\/discographie\/les_chansons_de_linnocence_retrouvee\/diskonoirtour\/festival\/Carheix01_533.jpg\" alt=\"Etienne Daho Affiche festival Vieilles Charrues Carheix\" width=\"533\"><br \/>\n<img decoding=\"async\" class=\"alignnone size-full wp-image-3980\" title=\"Etienne Daho Affiche festival Vieilles Charrues Carheix\" src=\"http:\/\/dahofficial.com\/wordpress\/wp-content\/themes\/dahofficial\/discographie\/les_chansons_de_linnocence_retrouvee\/diskonoirtour\/festival\/Carheix02_533.jpg\" alt=\"Etienne Daho Affiche festival Vieilles Charrues Carheix\" width=\"533\"><br \/>\n<img decoding=\"async\" class=\"alignnone size-full wp-image-3980\" title=\"Etienne Daho - Oeuvre de john Bars - Festival Vieilles Charrues Carheix\" src=\"http:\/\/dahofficial.com\/wordpress\/wp-content\/themes\/dahofficial\/discographie\/les_chansons_de_linnocence_retrouvee\/diskonoirtour\/festival\/Carheix04_533.jpg\" alt=\"Etienne Daho - Oeuvre de john Bars - Festival Vieilles Charrues Carheix\" width=\"533\">Avec l&rsquo;aimable autorisation de John Bars<\/dl>\n<p><!-- fin 1.6 Dates d\u00e9taill\u00e9es --><br \/>\n<!-- d\u00e9but 1.7 Dates d\u00e9taill\u00e9es --><\/dd>\n<dt class=\"accordion_toggler_2\">Samedi 4 juillet 2015 \u2013 BELFORT \u2013 Les Eurock\u00e9ennes<\/dt>\n<dd class=\"accordion_content accordion_content_2\">\n<dl>\n<p><u>Les Eurock\u00e9ennes<\/u> : <a href=\"http:\/\/www.eurockeennes.fr\/\" target=\"_blank\" rel=\"noopener\"> Site du festival<\/a><\/p>\n<p><u>Date et heure<\/u> : Samedi 4 juillet 2015, Grande sc\u00e8ne, 21h<\/p>\n<p><u>Lieu<\/u> : Grande sc\u00e8ne<\/p>\n<p><u>Billets <\/u> : Nous attendons vos billets avec votre accord pour le pr\u00e9senter ici<\/dl>\n<p><!-- fin 1.7 Dates d\u00e9taill\u00e9es --><br \/>\n<!-- d\u00e9but 1.8 Dates d\u00e9taill\u00e9es --><\/dd>\n<dt class=\"accordion_toggler_2\">Dimanche 5 juillet 2015 \u2013 CAEN \u2013 Beauregard<\/dt>\n<dd class=\"accordion_content accordion_content_2\">\n<dl>\n<p><u>Festival Beauregard<\/u> : <a href=\"http:\/\/www.festivalbeauregard.com\/\" target=\"_blank\" rel=\"noopener\"> Site du festival<\/a><\/p>\n<p><u>Date et heure<\/u> : Dimanche 5 juillet 2015, 21h20<\/p>\n<p><u>Lieu<\/u> : Sc\u00e8ne Beauregard<\/p>\n<p><u>Billets <\/u> : Nous attendons vos billets avec votre accord pour le pr\u00e9senter ici<\/dl>\n<p><!-- fin 1.8 Dates d\u00e9taill\u00e9es --><br \/>\n<!-- d\u00e9but 1.9 Dates d\u00e9taill\u00e9es --><\/dd>\n<dt class=\"accordion_toggler_2\">Vendredi 10 juillet 2015 \u2013 LA ROCHELLE \u2013 Les Francofolies<\/dt>\n<dd class=\"accordion_content accordion_content_2\">\n<dl>\n<p><u>Les Francofolies<\/u> : <a href=\"http:\/\/www.francofolies.fr\/\" target=\"_blank\" rel=\"noopener\"> Site du festival<\/a><\/p>\n<p><u>Date et heure<\/u> : Vendredi 10 juillet 2015, 20h<\/p>\n<p><u>Lieu<\/u> : Grande sc\u00e8ne Jean-Louis Foulquier<\/p>\n<p><u>Billets <\/u> : Nous attendons vos billets avec votre accord pour le pr\u00e9senter ici<\/dl>\n<p><!-- fin 1.9 Dates d\u00e9taill\u00e9es --><br \/>\n<!-- d\u00e9but 1.10 Dates d\u00e9taill\u00e9es --><\/dd>\n<dt class=\"accordion_toggler_2\">Samedi 11 juillet 2015 \u2013 ALBI \u2013 Pause Guitare<\/dt>\n<dd class=\"accordion_content accordion_content_2\">\n<dl>\n<p><u>Pause Guitare<\/u> : <a href=\"http:\/\/www.pauseguitare.net\/\" target=\"_blank\" rel=\"noopener\"> Site du festival<\/a><\/p>\n<p><u>Date et heure<\/u> : Samedi 11 juillet 2015, 20h30<\/p>\n<p><u>Lieu<\/u> : Sc\u00e8ne Pratgraussals<\/p>\n<p><u>Billets <\/u> : Nous attendons vos billets avec votre accord pour le pr\u00e9senter ici<\/dl>\n<p><!-- fin 1.10 Dates d\u00e9taill\u00e9es --><br \/>\n<!-- d\u00e9but 1.11 Dates d\u00e9taill\u00e9es --><\/dd>\n<dt class=\"accordion_toggler_2\">Dimanche 12 juillet 2015 \u2013 ARGELES SUR MER \u2013 Les D\u00e9ferlantes<\/dt>\n<dd class=\"accordion_content accordion_content_2\">\n<dl>\n<p><u>Les D\u00e9ferlantes<\/u> : <a href=\"http:\/\/festival-lesdeferlantes.com\/\" target=\"_blank\" rel=\"noopener\"> Site du festival<\/a><\/p>\n<p><u>Date et heure<\/u> : Dimanche 12 juillet 2015, heure non pr\u00e9cis\u00e9e, 21h<\/p>\n<p><u>Lieu<\/u> : Argeles sur Mer<\/p>\n<p><u>Billets <\/u> : Nous attendons vos billets avec votre accord pour le pr\u00e9senter ici<\/dl>\n<p><!-- fin 1.11 Dates d\u00e9taill\u00e9es --><br \/>\n<!-- d\u00e9but 1.12 Dates d\u00e9taill\u00e9es --><\/dd>\n<dt class=\"accordion_toggler_2\">Mardi 21 juillet 2015 \u2013 NIMES \u2013 Festival de N\u00eemes<\/dt>\n<dd class=\"accordion_content accordion_content_2\">\n<dl>\n<p><u>Festival de N\u00eemes<\/u> : <a href=\"http:\/\/www.festivaldenimes.com\/\" target=\"_blank\" rel=\"noopener\"> Site du festival<\/a><\/p>\n<p><u>Date et heure<\/u> : Mardi 21 juillet 2015, a partir de 20h<\/p>\n<p><u>Lieu<\/u> : Les Ar\u00eanes de N\u00eemes<\/p>\n<p><u>Billets <\/u> : Nous attendons vos billets avec votre accord pour le pr\u00e9senter ici<\/dl>\n<p><!-- fin 1.12 Dates d\u00e9taill\u00e9es --><br \/>\n<!-- d\u00e9but 1.13 Dates d\u00e9taill\u00e9es --><\/dd>\n<dt class=\"accordion_toggler_2\">Dimanche 26 juillet 2015 \u2013 NYON (SUISSE) \u2013 Paleo Festival<\/dt>\n<dd class=\"accordion_content accordion_content_2\">\n<dl>\n<p><u>Le Paleo Festival<\/u> : <a href=\"http:\/\/yeah.paleo.ch\/\" target=\"_blank\" rel=\"noopener\"> Site du festival<\/a><\/p>\n<p><u>Date et heure<\/u> : Dimanche 26 juillet 2015, 22h<\/p>\n<p><u>Lieu<\/u> : Les Arches<\/p>\n<p><u>Billets <\/u> : Nous attendons vos billets avec votre accord pour le pr\u00e9senter ici<\/dl>\n<p><!-- fin 1.13 Dates d\u00e9taill\u00e9es --><br \/>\n<!-- d\u00e9but 1.14 Dates d\u00e9taill\u00e9es --><\/dd>\n<dt class=\"accordion_toggler_2\">Jeudi 20 ao\u00fbt 2015 \u2013 CHARLEVILLE MEZIERES \u2013 Le Cabaret Vert<\/dt>\n<dd class=\"accordion_content accordion_content_2\">\n<dl>\n<p><u>Les Eurock\u00e9ennes<\/u> : <a href=\"http:\/\/cabaretvert.com\/\" target=\"_blank\" rel=\"noopener\"> Site du festival<\/a><\/p>\n<p><u>Date et heure<\/u> : Jeudi 20 ao\u00fbt 2015, 20h20<\/p>\n<p><u>Lieu<\/u> : Sc\u00e8ne Zanzibar<\/p>\n<p><u>Billets <\/u> : Nous attendons vos billets avec votre accord pour le pr\u00e9senter ici<\/dl>\n<p><!-- fin 1.14 Dates d\u00e9taill\u00e9es --><br \/>\n<!-- d\u00e9but 1.15 Dates d\u00e9taill\u00e9es --><\/dd>\n<dt class=\"accordion_toggler_2\">Vendredi 21 ao\u00fbt 2015 \u2013 BRUXELLES (BELGIQUE) \u2013 Brussels Summer Festival<\/dt>\n<dd class=\"accordion_content accordion_content_2\">\n<dl>\n<p><u>Brussels Summer Festival<\/u> : <a href=\"http:\/\/www.bsf.be\/\" target=\"_blank\" rel=\"noopener\"> Site du festival<\/a><\/p>\n<p><u>Date et heure<\/u> : Vendredi 21 ao\u00fbt 2015, 22h30<\/p>\n<p><u>Lieu<\/u> : Place des Palais<\/p>\n<p><u>Billets <\/u> : Nous attendons vos billets avec votre accord pour le pr\u00e9senter ici<\/dl>\n<p><!-- fin 1.15 Dates d\u00e9taill\u00e9es --><br \/>\n<!-- d\u00e9but 1.16 Dates d\u00e9taill\u00e9es --><\/dd>\n<dt class=\"accordion_toggler_2\">Vendredi 28 ao\u00fbt 2015 \u2013 DIJON \u2013 Concert de rentr\u00e9e<\/dt>\n<dd class=\"accordion_content accordion_content_2\">\n<dl>\n<p><u>Concert de rentr\u00e9e<\/u> : <a href=\"http:\/\/www.bienpublic.com\/edition-dijon-ville\/2015\/08\/23\/un-concert-de-rentree-plein-de-tonus\" target=\"_blank\" rel=\"noopener\"> Site de Dijon Ville<\/a><\/p>\n<p><u>Date et heure<\/u> : Vendredi 28 ao\u00fbt 2015, 20h<\/p>\n<p><u>Lieu<\/u> : Place de la Lib\u00e9ration<\/p>\n<p><u>Billets <\/u> : Nous attendons vos billets avec votre accord pour le pr\u00e9senter ici<\/dl>\n<p><!-- fin 1.16 Dates d\u00e9taill\u00e9es --><br \/>\n<!-- d\u00e9but 1.17 Dates d\u00e9taill\u00e9es --><\/dd>\n<dt class=\"accordion_toggler_2\">Samedi 29 ao\u00fbt 2015 \u2013 PARIS \u2013 Rock en Seine<\/dt>\n<dd class=\"accordion_content accordion_content_2\">\n<dl>\n<p><u>Rock en Seine<\/u> : <a href=\"http:\/\/www.eurockeennes.fr\/\" target=\"_blank\" rel=\"noopener\"> Site du festival<\/a><\/p>\n<p><u>Date et heure<\/u> : Samedi 29 ao\u00fbt 2015, 19h45<\/p>\n<p><u>Lieu<\/u> : Sc\u00e8ne de la Cascade<\/p>\n<p><u>Billets <\/u> : Nous attendons vos billets avec votre accord pour le pr\u00e9senter ici<\/dl>\n<\/dd>\n<\/dl>\n<p><!-- fin 1.17 Dates d\u00e9taill\u00e9es --><\/dd>\n<\/dl>\n<p><!-- fin Dates d\u00e9taill\u00e9es --><\/p>\n<\/div>\n<\/div>\n<p><!-- fin accord\u00e9on DATES DETAILLEES --><\/p>\n<p><img loading=\"lazy\" decoding=\"async\" class=\"alignnone size-full wp-image-3980\" title=\"affiche-logo-BD\" src=\"http:\/\/dahofficial.com\/wordpress\/wp-content\/uploads\/2013\/06\/affiche-logo-BD.jpg\" alt=\"\" width=\"560\" height=\"840\" srcset=\"https:\/\/dahofficial.com\/wordpress\/wp-content\/uploads\/2013\/06\/affiche-logo-BD.jpg 560w, https:\/\/dahofficial.com\/wordpress\/wp-content\/uploads\/2013\/06\/affiche-logo-BD-200x300.jpg 200w\" sizes=\"(max-width: 560px) 100vw, 560px\" \/><br \/>\n.<br \/>\n<img decoding=\"async\" class=\"alignnone size-full wp-image-3980\" title=\"Affiche tourn\u00e9e d'Etienne Daho - Disk\u00f6noir Tour\" src=\"http:\/\/dahofficial.com\/wordpress\/wp-content\/themes\/dahofficial\/discographie\/les_chansons_de_linnocence_retrouvee\/images\/20150500_AfficheSummerTourBlanche_560.jpg\" alt=\"\" width=\"560\"><br \/>\n.<br \/>\n<u>Producteur des concerts<\/u> : <a href=\"http:\/\/www.tsprod.com\/\" target=\"_blank\" rel=\"noopener\"> TS Prod<\/a><\/p>\n<p>.<\/p>\n<p><!-- COMMENTAIRE FINAL --><\/p>\n<p><!-- liseret gris --><\/p>\n<p><img loading=\"lazy\" decoding=\"async\" style=\"border: none;\" src=\"http:\/\/dahofficial.com\/wordpress\/wp-content\/themes\/dahofficial\/images\/ttr_bio_page.gif\" border=\"0\" alt=\"\" width=\"560\" height=\"34\"><br \/>\nNous d\u00e9sirons que le site d&rsquo;Etienne soit le plus complet et le plus parfait possible.<br \/>\nSi vous d\u00e9tectez la moindre erreur, un souci de lien, ou si vous d\u00e9sirez tout simplement nous faire parvenir par scan un document relatif \u00e0 cette page (billet, affiche, photo, &#8230;) afin de l&rsquo;agr\u00e9menter,  nous vous invitons \u00e0 nous contacter \u00e0 l&rsquo;adresse mail suivante : webmaster@dahofficial.com<br \/>\nLe site d&rsquo;Etienne vous remercie par avance.<\/p>\n<p><!-- liseret gris --><\/p>\n<p><img loading=\"lazy\" decoding=\"async\" style=\"border: none;\" src=\"http:\/\/dahofficial.com\/wordpress\/wp-content\/themes\/dahofficial\/images\/ttr_bio_page.gif\" border=\"0\" alt=\"\" width=\"560\" height=\"34\"><\/p>\n","protected":false},"excerpt":{"rendered":"<p>ETIENNE DAHO &#8211; DISK\u00d6NOIR SUMMER TOUR Mise \u00e0 jour du 3 septembre 2015 DISK\u00d6NOIR TOUR &#8211; FESTIVAL D&rsquo;ETE 2014 Vendredi 11 juillet 2014 \u2013 ST MALO DU BOIS (85) \u2013 Poupet Festival Dimanche 13 juillet 2014 \u2013 AIX-LES-BAINS (73) \u2013 Festival Musilac Lundi 14 juillet 2014 \u2013 MONTREUX (CH) \u2013 Montreux Jazz Festival Mercredi 16 [&hellip;]<\/p>\n","protected":false},"author":3,"featured_media":0,"parent":0,"menu_order":0,"comment_status":"open","ping_status":"open","template":"","meta":{"footnotes":""},"_links":{"self":[{"href":"https:\/\/dahofficial.com\/wordpress\/wp-json\/wp\/v2\/pages\/4777"}],"collection":[{"href":"https:\/\/dahofficial.com\/wordpress\/wp-json\/wp\/v2\/pages"}],"about":[{"href":"https:\/\/dahofficial.com\/wordpress\/wp-json\/wp\/v2\/types\/page"}],"author":[{"embeddable":true,"href":"https:\/\/dahofficial.com\/wordpress\/wp-json\/wp\/v2\/users\/3"}],"replies":[{"embeddable":true,"href":"https:\/\/dahofficial.com\/wordpress\/wp-json\/wp\/v2\/comments?post=4777"}],"version-history":[{"count":83,"href":"https:\/\/dahofficial.com\/wordpress\/wp-json\/wp\/v2\/pages\/4777\/revisions"}],"predecessor-version":[{"id":13045,"href":"https:\/\/dahofficial.com\/wordpress\/wp-json\/wp\/v2\/pages\/4777\/revisions\/13045"}],"wp:attachment":[{"href":"https:\/\/dahofficial.com\/wordpress\/wp-json\/wp\/v2\/media?parent=4777"}],"curies":[{"name":"wp","href":"https:\/\/api.w.org\/{rel}","templated":true}]}}