{"id":3582,"date":"2013-04-11T17:34:37","date_gmt":"2013-04-11T16:34:37","guid":{"rendered":"http:\/\/dahofficial.com\/wordpress\/"},"modified":"2024-03-20T21:18:15","modified_gmt":"2024-03-20T19:18:15","slug":"2013-2","status":"publish","type":"page","link":"https:\/\/dahofficial.com\/wordpress\/lartiste\/2013-2\/","title":{"rendered":"2013 &#8211; 2016 \/ Les chansons de l&rsquo;innocence retrouv\u00e9e"},"content":{"rendered":"<h2 class=\"sstttrbio\">2013<\/h2>\n<p><img decoding=\"async\" src=\"https:\/\/dahofficial.com\/wordpress\/wp-content\/uploads\/2013\/04\/2013-IAN-BRODIE_ABBEYROAD_560x322.jpg\" border=\"0\" alt=\"Dahofficial Biographie Etienne Daho 2013\"><br \/>\nIan Brodie<\/p>\n<p>Daho que l&rsquo;on pr\u00e9sente dor\u00e9navant comme le parrain de la pop fran\u00e7aise, enregistre dans les mythiques studios d&rsquo;Abbey Road \u00e0 Londres, <q>Les chansons de l&rsquo;innocence retrouv\u00e9e<\/q> avec la participation de Debbie Harry, Nile Rodgers, Dominique A, et Jehnny Beth du groupe Savages. Sorti le 18 novembre, cet album est c\u00e9l\u00e9br\u00e9 par la presse comme son meilleur opus (7 couvertures de magazines et r\u00e9dacteur en chef du num\u00e9ro de rentr\u00e9e des Inrockuptibles), l&rsquo;album est certifi\u00e9 disque d&rsquo;or la premi\u00e8re semaine de sa sortie, album de platine en janvier 2014 et se hisse \u00e0 la troisi\u00e8me place des ventes d&rsquo;albums. Il permet ainsi \u00e0 Daho de recevoir le Grand Prix SACEM et d&rsquo;\u00eatre nomm\u00e9 deux fois aux Victoires de la musique (chanteur et album de l&rsquo;ann\u00e9e).<br \/>\n\u00c9tienne Daho participe \u00e9galement au premier album de Yan Wagner. Pour c\u00e9l\u00e9brer le trenti\u00e8me anniversaire de l&rsquo;album <q>La Notte, la Notte,<\/q> Parlophone publie un double album Deluxe avec de nombreux in\u00e9dits.<\/p>\n<p><img decoding=\"async\" src=\"https:\/\/dahofficial.com\/wordpress\/wp-content\/themes\/dahofficial\/discographie\/les_chansons_de_linnocence_retrouvee\/images\/20130000_Biographie02.jpg\" border=\"0\" alt=\"Dahofficial Biographie Etienne Daho 2013\"><br \/>\nPhoto: X<\/p>\n<h2 class=\"sstttrbio\">2014<\/h2>\n<p><img decoding=\"async\" src=\"https:\/\/dahofficial.com\/wordpress\/wp-content\/themes\/dahofficial\/discographie\/les_chansons_de_linnocence_retrouvee\/images\/20140000_Biographie01.jpg\" border=\"0\" alt=\"Dahofficial Biographie Etienne Daho 2014\"><br \/>\nJean-Fran\u00e7ois Aug\u00e9<\/p>\n<p>Le Disk\u00f6noir tour est retard\u00e9 \u00e0 l&rsquo;automne 2014, \u00e0 la suite d&rsquo;une p\u00e9ritonite qui a failli lui \u00eatre fatale. La tourn\u00e9e d\u00e9bute \u00e0 la Cit\u00e9 de la Musique qui lui offre une semaine qu&rsquo;il baptise <q>Une jeunesse moderne<\/q>. \u00c0 cette occasion, il s&rsquo;entoure de personnalit\u00e9s de la French pop \u00e0 la salle Pleyel : Fr\u00e0n\u00e7ois &amp; The Atlas Mountains, lescop, Lou Doillon, La Femme, Poni Hoax, Aline, Perez, Lou Lesage, Calypso Valois, Yan Wagner, Mustang, The Pirouettes, John &amp; Jehn, Dominique A et Patrick Vidal du groupe Marie et les Gar\u00e7ons. Cette tourn\u00e9e qui se joue \u00e0 guichets ferm\u00e9s, passe par l&rsquo;Olympia du 3 au 6 novembre et au Koko de Londres le 23 octobre 2014. La tourn\u00e9e se termine \u00e0 Rennes o\u00f9 \u00c9tienne est rejoint sur sc\u00e8ne par Philippe Pascal, chanteur du groupe Marquis de Sade. Ils interpr\u00e8tent <q>Chelsea Girls<\/q> de Nico. Pour immortaliser la tourn\u00e9e, Polydor publie <q>Disk\u00f6noir Live<\/q> en d\u00e9cembre, enregistr\u00e9 \u00e0 la Cit\u00e9 de la Musique et \u00e0 la salle Pleyel.<\/p>\n<h2 class=\"sstttrbio\">2015<\/h2>\n<p><img decoding=\"async\" src=\"https:\/\/dahofficial.com\/wordpress\/wp-content\/themes\/dahofficial\/discographie\/les_chansons_de_linnocence_retrouvee\/images\/20150000_Biographie01.jpg\" border=\"0\" alt=\"Dahofficial Biographie Etienne Daho 2015\"><br \/>\nAnai\u0308s Callens<\/p>\n<p>En 2015, il participe \u00e0 <q>Creatures<\/q>, album de l&rsquo;artiste \u00e9lectro Rone. Dans cet album, il \u00e9crit et interpr\u00e8te <q>Mortelle<\/q> sur une musique de Rone et de Bryce Dessner du groupe The National. La sc\u00e8ne \u00e9lectronique lui rend hommage avec l&rsquo;album Pistes Noires (de pr\u00e9f\u00e9rence), reprenant 17 de ses titres les plus embl\u00e9matiques. Des Eurock\u00e9\u00e8nnes \u00e0 Rock en Seine, Daho poursuit avec succ\u00e8s la tourn\u00e9e Disk\u00f6noir durant l\u2019\u00e9t\u00e9 2015. Alfred et David Chauvel lui consacrent une bande dessin\u00e9e, <q>L&rsquo;homme qui chante<\/q>, qui retrace toute l\u2019aventure de l\u2019album Les Chansons de l&rsquo;innocence retrouv\u00e9e, aux Editions Delcourt (sortie le 21 octobre). Parlophone publie le 6 novembre une compilation de 36 titres <q>L\u2019Homme Qui Marche<\/q>. \u00c0 cette compilation s\u2019ajoutent deux in\u00e9dits : <q>Paris Sens Interdits<\/q>, chanson \u00e9crite avec Arthur Baker en 1989, produite et r\u00e9enregistr\u00e9e par Johnny Hostile et mix\u00e9e par Tony Visconti. L\u2019autre in\u00e9dit est une version de <q>La ville<\/q> en duo avec Daniel Darc, produite par Daho et qui n\u2019avait pas \u00e9t\u00e9 publi\u00e9e depuis son enregistrement en 1988. La version double CD Deluxe est agr\u00e9ment\u00e9e d&rsquo;un DVD de 52 min du documentaire r\u00e9alis\u00e9 par Antoine Carlier pendant la tourn\u00e9e Disk\u00f6noir Tour intitul\u00e9 <q>Etienne Daho : un itin\u00e9raire Pop Moderne<\/q>. Fin 2015, la cha\u00eene Arte lui consacre une soir\u00e9e compos\u00e9e du documentaire d&rsquo;Antoine Carlier et de <q>London Daho<\/q>, live enregistr\u00e9 au Koko \u00e0 Londres le 23 octobre 2014.<\/p>\n<p><img decoding=\"async\" src=\"https:\/\/dahofficial.com\/wordpress\/wp-content\/themes\/dahofficial\/discographie\/les_chansons_de_linnocence_retrouvee\/images\/20150000_Biographie02.jpg\" border=\"0\" alt=\"Dahofficial Biographie Etienne Daho 2015\"><br \/>\nNikos<\/p>\n<h2 class=\"sstttrbio\">2016<\/h2>\n<p><img decoding=\"async\" src=\"https:\/\/dahofficial.com\/wordpress\/wp-content\/themes\/dahofficial\/discographie\/les_chansons_de_linnocence_retrouvee\/images\/20160000_Biographie01.jpg\" border=\"0\" alt=\"Dahofficial Biographie Etienne Daho 2016\"><br \/>\nPhoto: X<\/p>\n<p>Le 3 avril 2016, \u00c9tienne est convi\u00e9 par John Cale pour interpreter <q>I&rsquo;ll be your mirror<\/q> lors de la c\u00e9l\u00e9bration de l\u2019album <q>The Velvet Underground and Nico<\/q> \u00e0 la Philharmonie de Paris.<\/p>\n<p><img decoding=\"async\" src=\"https:\/\/dahofficial.com\/wordpress\/wp-content\/themes\/dahofficial\/discographie\/les_chansons_de_linnocence_retrouvee\/images\/20160000_Biographie02.jpg\" border=\"0\" alt=\"Dahofficial Biographie Etienne Daho 2016\"><br \/>\nBertrand F\u00e8vre<\/p>\n","protected":false},"excerpt":{"rendered":"<p>2013 Ian Brodie Daho que l&rsquo;on pr\u00e9sente dor\u00e9navant comme le parrain de la pop fran\u00e7aise, enregistre dans les mythiques studios d&rsquo;Abbey Road \u00e0 Londres, Les chansons de l&rsquo;innocence retrouv\u00e9e avec la participation de Debbie Harry, Nile Rodgers, Dominique A, et Jehnny Beth du groupe Savages. Sorti le 18 novembre, cet album est c\u00e9l\u00e9br\u00e9 par la [&hellip;]<\/p>\n","protected":false},"author":3,"featured_media":0,"parent":101,"menu_order":13,"comment_status":"closed","ping_status":"closed","template":"","meta":{"footnotes":""},"_links":{"self":[{"href":"https:\/\/dahofficial.com\/wordpress\/wp-json\/wp\/v2\/pages\/3582"}],"collection":[{"href":"https:\/\/dahofficial.com\/wordpress\/wp-json\/wp\/v2\/pages"}],"about":[{"href":"https:\/\/dahofficial.com\/wordpress\/wp-json\/wp\/v2\/types\/page"}],"author":[{"embeddable":true,"href":"https:\/\/dahofficial.com\/wordpress\/wp-json\/wp\/v2\/users\/3"}],"replies":[{"embeddable":true,"href":"https:\/\/dahofficial.com\/wordpress\/wp-json\/wp\/v2\/comments?post=3582"}],"version-history":[{"count":36,"href":"https:\/\/dahofficial.com\/wordpress\/wp-json\/wp\/v2\/pages\/3582\/revisions"}],"predecessor-version":[{"id":13229,"href":"https:\/\/dahofficial.com\/wordpress\/wp-json\/wp\/v2\/pages\/3582\/revisions\/13229"}],"up":[{"embeddable":true,"href":"https:\/\/dahofficial.com\/wordpress\/wp-json\/wp\/v2\/pages\/101"}],"wp:attachment":[{"href":"https:\/\/dahofficial.com\/wordpress\/wp-json\/wp\/v2\/media?parent=3582"}],"curies":[{"name":"wp","href":"https:\/\/api.w.org\/{rel}","templated":true}]}}