{"id":2527,"date":"2011-11-24T17:28:33","date_gmt":"2011-11-24T15:28:33","guid":{"rendered":"http:\/\/dahofficial.com\/wordpress\/"},"modified":"2017-03-07T14:38:39","modified_gmt":"2017-03-07T12:38:39","slug":"mentions-legales","status":"publish","type":"page","link":"https:\/\/dahofficial.com\/wordpress\/mentions-legales\/","title":{"rendered":"Mentions l\u00e9gales"},"content":{"rendered":"<h3>\u00c9DITEUR DU SITE<\/h3>\n<p>Ce site est le site officiel d&rsquo;\u00c9TIENNE DAHO, il est \u00e9dit\u00e9 par SATORI SONG, SARL, au capital de 7 622 euros, Immatricul\u00e9e au RCS de Paris sous le num\u00e9ro 337 808 109 et sis au 5 rue Vernet 75008 Paris.\u2028<\/p>\n<h3>WEBMASTER<\/h3>\n<p>Pour toute question relative au fonctionnement du site, vous pouvez contacter le webmaster \u00e0 l&rsquo;adresse suivante : webmaster@dahofficial.com<\/p>\n<h3>RESPONSABILIT\u00c9<\/h3>\n<p>L\u2019\u00e9diteur du site ne saurait \u00eatre tenu responsable des probl\u00e8mes techniques rencontr\u00e9s sur le site. L\u2019\u00e9diteur du site ne saurait \u00eatre tenu responsable des probl\u00e8mes rencontr\u00e9s sur tous les autres sites vers lesquels des liens sont \u00e9tablis, ou de toute autre information publi\u00e9e sur ces sites, ainsi que des cons\u00e9quences de leur utilisation.<\/p>\n<h3>DROITS DE PROPRI\u00c9TE INTELLECTUELLE<\/h3>\n<p>La Soci\u00e9t\u00e9 avise les internautes que la totalit\u00e9 des \u00e9l\u00e9ments composant le Site est prot\u00e9g\u00e9e par la l\u00e9gislation sur le droit d\u2019auteur : ce peut \u00eatre notamment des photographies, des dessins, des s\u00e9quences, des phonogrammes, des vid\u00e9oclips,\u2026 \u2028; et est prot\u00e9g\u00e9e par la l\u00e9gislation sur les marques : ce peut \u00eatre notamment les logos, symboles,\u2026 \u2028Les droits relatifs \u00e0 ces \u00e9l\u00e9ments sont r\u00e9serv\u00e9s. En cons\u00e9quence, toute reproduction, repr\u00e9sentation, utilisation, adaptation, modification, incorporation, traduction, commercialisation, partielles ou int\u00e9grales par quelque proc\u00e9d\u00e9 et sur quelque support que ce soit (papier, num\u00e9rique,\u2026) sont interdites sans l\u2019autorisation \u00e9crite pr\u00e9alable de Satori Song, sous r\u00e9serve des exceptions vis\u00e9es \u00e0 l\u2019article L122.5 du Code de la Propri\u00e9t\u00e9 Intellectuelle, sous peine de constituer un d\u00e9lit de contrefa\u00e7on de droit d\u2019auteur et\/ou de dessins et mod\u00e8les et\/ou de marque, puni de deux ans d\u2019emprisonnement et de 150.000\u20ac d\u2019amende. Les marques des logiciels qui peuvent \u00eatre affich\u00e9es sur le Site sont la propri\u00e9t\u00e9 respective des soci\u00e9t\u00e9s les exploitant, et elles ne peuvent \u00eatre exploit\u00e9es sans l\u2019accord pr\u00e9alable et \u00e9crit du propri\u00e9taire des dites marques. Ces logiciels sont prot\u00e9g\u00e9s par le droit d\u2019auteur et supposent pour leur utilisation la conclusion d\u2019un contrat de licence directement entre leur propri\u00e9taire et l\u2019internaute.<\/p>\n<p>Les textes et photos mis \u00e0 disposition sur ce site Internet sont prot\u00e9g\u00e9s par le droit d\u2019auteur.<br \/>\nSi vous souhaitez les reproduire, en partie ou en totalit\u00e9, il vous appartient de v\u00e9rifier que cette reproduction est permise, au besoin par l\u2019obtention d\u2019une autorisation \u00e9crite de la part des ayants droits.<\/p>\n<h3>DONN\u00c9ES PERSONNELLES<\/h3>\n<p>Conform\u00e9ment \u00e0 la loi n\u00b078-17 du 6 janvier 1978 modifi\u00e9e par la loi du 6 ao\u00fbt 2004 relative \u00e0 l&rsquo;informatique, aux fichiers et aux libert\u00e9s, les Internautes disposent d&rsquo;un droit d&rsquo;acc\u00e8s, de rectification, d\u2019opposition et de suppression des donn\u00e9es les concernant et dont l\u2019Editeur du site est destinataire, en \u00e9crivant \u00e0 : Satori Song \u2013 5 rue Vernet 75008 Paris. Les informations collect\u00e9es sont r\u00e9serv\u00e9es \u00e0 l\u2019usage exclusif de l\u2019\u00c9diteur du site, de ses filiales, uniquement \u00e0 des fins d\u2019information concernant l&rsquo;artiste Etienne Daho si besoin.<\/p>\n<p>Vous pouvez exiger que soient rectifi\u00e9es, compl\u00e9t\u00e9es, clarifi\u00e9es, mises \u00e0 jour ou effac\u00e9es les informations vous concernant qui sont inexactes, incompl\u00e8tes, \u00e9quivoques, p\u00e9rim\u00e9es ou dont la collecte ou l&rsquo;utilisation, la communication ou la conservation est interdite.<\/p>\n<h3>H\u00c9BERGEMENT<\/h3>\n<p>Ce site est h\u00e9berg\u00e9 chez OVH, SAS au capital de 500 000 \u20ac domicil\u00e9e :<br \/>\n140, Quai du Sartel, 59100 ROUBAIX<br \/>\nT\u00e9l : 08 20 32 03 63<br \/>\n424 761 419 RCS Roubaix &#8211; Tourcoing SIRET : 424 761 419 0001<\/p>\n","protected":false},"excerpt":{"rendered":"<p>\u00c9DITEUR DU SITE Ce site est le site officiel d&rsquo;\u00c9TIENNE DAHO, il est \u00e9dit\u00e9 par SATORI SONG, SARL, au capital de 7 622 euros, Immatricul\u00e9e au RCS de Paris sous le num\u00e9ro 337 808 109 et sis au 5 rue Vernet 75008 Paris.\u2028 WEBMASTER Pour toute question relative au fonctionnement du site, vous pouvez contacter [&hellip;]<\/p>\n","protected":false},"author":3,"featured_media":0,"parent":0,"menu_order":0,"comment_status":"closed","ping_status":"open","template":"","meta":{"footnotes":""},"_links":{"self":[{"href":"https:\/\/dahofficial.com\/wordpress\/wp-json\/wp\/v2\/pages\/2527"}],"collection":[{"href":"https:\/\/dahofficial.com\/wordpress\/wp-json\/wp\/v2\/pages"}],"about":[{"href":"https:\/\/dahofficial.com\/wordpress\/wp-json\/wp\/v2\/types\/page"}],"author":[{"embeddable":true,"href":"https:\/\/dahofficial.com\/wordpress\/wp-json\/wp\/v2\/users\/3"}],"replies":[{"embeddable":true,"href":"https:\/\/dahofficial.com\/wordpress\/wp-json\/wp\/v2\/comments?post=2527"}],"version-history":[{"count":22,"href":"https:\/\/dahofficial.com\/wordpress\/wp-json\/wp\/v2\/pages\/2527\/revisions"}],"predecessor-version":[{"id":7533,"href":"https:\/\/dahofficial.com\/wordpress\/wp-json\/wp\/v2\/pages\/2527\/revisions\/7533"}],"wp:attachment":[{"href":"https:\/\/dahofficial.com\/wordpress\/wp-json\/wp\/v2\/media?parent=2527"}],"curies":[{"name":"wp","href":"https:\/\/api.w.org\/{rel}","templated":true}]}}