{"id":157,"date":"2010-11-03T15:36:02","date_gmt":"2010-11-03T15:36:02","guid":{"rendered":"http:\/\/dahofficial.com\/wordpress\/"},"modified":"2024-03-20T21:18:27","modified_gmt":"2024-03-20T19:18:27","slug":"2008-2010-le-condamne-a-mort","status":"publish","type":"page","link":"https:\/\/dahofficial.com\/wordpress\/lartiste\/2008-2010-le-condamne-a-mort\/","title":{"rendered":"2009 &#8211; 2012 \/ Le condamn\u00e9 \u00e0 mort"},"content":{"rendered":"<h2 class=\"sstttrbio\">2009<\/h2>\n<p><img decoding=\"async\" src=\"https:\/\/dahofficial.com\/wordpress\/wp-content\/uploads\/2011\/12\/2009_PR_WORMS_560x552.jpg\" border=\"0\" alt=\"Dahofficial Biographie Etienne Daho 2009\" \/><\/a><br \/>\nPierre Ren\u00e9-Worms<\/p>\n<p>Parution de l&rsquo;album live et DVD <q>Daho Pleyel Paris<\/q>, nomm\u00e9 aux Victoires de la musique. Outre le show, l&rsquo;album contient des duos bonus avec Katerine, Camille, Jane Birkin et Coming Soon. Etienne rejoint \u00e9galement Jacques Dutronc au Z\u00e9nith de Paris et en province pour interpr\u00e9ter avec lui <q>Tous les go\u00fbts sont dans ma nature<\/q>, duo immortalis\u00e9 dans l&rsquo;album et DVD live de Dutronc <q>Et vous, et vous et vous<\/q>.<\/p>\n<h2 class=\"sstttrbio\">2010<\/h2>\n<p><img decoding=\"async\" src=\"https:\/\/dahofficial.com\/wordpress\/wp-content\/uploads\/2011\/12\/2010_KARIM_SADLI_560x500.jpg\" border=\"0\" alt=\"Dahofficial Biographie Etienne Daho 2010\" \/><\/a><br \/>\nKarim Sadli<\/p>\n<p>Parution de l&rsquo;album <q>Le condamn\u00e9 \u00e0 mort<\/q> de Jean Genet avec Jeanne Moreau. Quelques concerts exceptionnels en France et \u00e0 l&rsquo;\u00e9tranger sont pr\u00e9vus pour accompagner cette sortie, dont deux soirs au prestigieux The\u00e2tre de l&rsquo;Od\u00e9on et aussi \u00e0 la Salle Peyel. La tourn\u00e9e se termine en apoth\u00e9ose le 18 juillet, par une repr\u00e9sentation triomphale au Festival d&rsquo;Avignon dans la cour d&rsquo;honneur du Palais des Papes.<\/p>\n<h2 class=\"sstttrbio\">2011<\/h2>\n<p><img decoding=\"async\" src=\"https:\/\/dahofficial.com\/wordpress\/wp-content\/uploads\/2011\/12\/2011_XAVIER_ARIAS_ANTOINE_CARLIER_560x315.jpg\" border=\"0\" alt=\"Dahofficial Biographie Etienne Daho 2011\" \/><\/a><br \/>\nXavier Arias &#8211; Antoine Carlier<\/p>\n<p>Etienne participe \u00e0 l&rsquo;album et concert hommage \u00e0 Jacno, <q>Jacno Future<\/q> et il reprend <q>Amoureux Solitaires<\/q> avec Calypso Valois, fille de Jacno et de Elli Medeiros. Pour c\u00e9l\u00e9brer ses trente ans de carri\u00e8re, EMI publie son premier opus <q>Mythomane<\/q> ainsi que trois autres albums marquants (Pop Satori, Corps et Armes et L&rsquo;Invitation), dans des \u00e9ditions agr\u00e9ment\u00e9es de nombreux bonus et in\u00e9dits. Publication d&rsquo;un double album compilation, <q>Monsieur Daho<\/q> qui r\u00e9sume ses trente ann\u00e9es de carri\u00e8re et dont les titres sont choisis par Etienne. Etienne s&rsquo;installe \u00e0 Rome et Londres pour \u00e9crire son prochain album.<\/p>\n<h2 class=\"sstttrbio\">2012<\/h2>\n<p><img decoding=\"async\" src=\"https:\/\/dahofficial.com\/wordpress\/wp-content\/uploads\/2013\/04\/2012-RICHARD-DUMAS_DAHO-LOU-DOILLON_560x648.jpg\" border=\"0\" alt=\"Dahofficial Biographie Etienne Daho 2012 avec Lou Doillon\" \/><\/a><br \/>\nRichard Dumas<\/p>\n<p>Etienne entre en studio avec Lou Doillon pour produire son premier album <q>Places<\/q>. L&rsquo;album rencontre un \u00e9norme succ\u00e8s commercial et critique (album de platine et <q>Chanteuse de l&rsquo;ann\u00e9e<\/q> aux Victoires de la Musique). Sur <q>Forty Eight Hours<\/q>, Etienne rejoint Yan Wagner pour le duo <q>The only one<\/q> et participe \u00e0 la bande originale du tr\u00e8s sombre <q>Une histoire d&rsquo;amour<\/q>, r\u00e9alis\u00e9 par H\u00e9l\u00e8ne Filli\u00e8res, avec Beno\u00eet Poelvoorde et Laetitia Casta. <\/p>\n","protected":false},"excerpt":{"rendered":"<p>2009 Pierre Ren\u00e9-Worms Parution de l&rsquo;album live et DVD Daho Pleyel Paris, nomm\u00e9 aux Victoires de la musique. Outre le show, l&rsquo;album contient des duos bonus avec Katerine, Camille, Jane Birkin et Coming Soon. Etienne rejoint \u00e9galement Jacques Dutronc au Z\u00e9nith de Paris et en province pour interpr\u00e9ter avec lui Tous les go\u00fbts sont dans [&hellip;]<\/p>\n","protected":false},"author":3,"featured_media":0,"parent":101,"menu_order":12,"comment_status":"closed","ping_status":"closed","template":"","meta":{"footnotes":""},"_links":{"self":[{"href":"https:\/\/dahofficial.com\/wordpress\/wp-json\/wp\/v2\/pages\/157"}],"collection":[{"href":"https:\/\/dahofficial.com\/wordpress\/wp-json\/wp\/v2\/pages"}],"about":[{"href":"https:\/\/dahofficial.com\/wordpress\/wp-json\/wp\/v2\/types\/page"}],"author":[{"embeddable":true,"href":"https:\/\/dahofficial.com\/wordpress\/wp-json\/wp\/v2\/users\/3"}],"replies":[{"embeddable":true,"href":"https:\/\/dahofficial.com\/wordpress\/wp-json\/wp\/v2\/comments?post=157"}],"version-history":[{"count":12,"href":"https:\/\/dahofficial.com\/wordpress\/wp-json\/wp\/v2\/pages\/157\/revisions"}],"predecessor-version":[{"id":13228,"href":"https:\/\/dahofficial.com\/wordpress\/wp-json\/wp\/v2\/pages\/157\/revisions\/13228"}],"up":[{"embeddable":true,"href":"https:\/\/dahofficial.com\/wordpress\/wp-json\/wp\/v2\/pages\/101"}],"wp:attachment":[{"href":"https:\/\/dahofficial.com\/wordpress\/wp-json\/wp\/v2\/media?parent=157"}],"curies":[{"name":"wp","href":"https:\/\/api.w.org\/{rel}","templated":true}]}}