{"id":153,"date":"2010-11-03T15:34:56","date_gmt":"2010-11-03T15:34:56","guid":{"rendered":"http:\/\/dahofficial.com\/wordpress\/"},"modified":"2024-03-20T21:19:10","modified_gmt":"2024-03-20T19:19:10","slug":"2002-2006-reevolution","status":"publish","type":"page","link":"https:\/\/dahofficial.com\/wordpress\/lartiste\/2002-2006-reevolution\/","title":{"rendered":"2002 &#8211; 2006  \/ r\u00e9\u00e9volution"},"content":{"rendered":"<h2 class=\"sstttrbio\">2002<\/h2>\n<p><img decoding=\"async\" src=\"https:\/\/dahofficial.com\/wordpress\/wp-content\/uploads\/2011\/12\/2002-MICHEL-FIGUET_560x560.jpg\" border=\"0\" alt=\"Dahofficial Biographie Etienne Daho 2002\" \/><\/a><br \/>\nMichel Figuet<\/p>\n<p>Parution du hit single <q>Comme un boomerang<\/q> en duo avec Dani qui se hisse \u00e0 la sixi\u00e8me place des ventes de singles, est certifi\u00e9 disque d\u2019or et est nomm\u00e9 aux Victoires de la Musique. Parution du coffret <q>Dans la peau de Daho<\/q> qui retrace les moments forts de ses 20 ans de carri\u00e8re. Etienne \u00e9crit et chante <q>If<\/q> sur le premier album de Ginger Ale et compose avec les Valentins <q>The pleasure Song<\/q> pour l&rsquo;album de Marianne Faithfull <q>Kissing Time<\/q>. Etienne s&rsquo;installe \u00e0 Ibiza pour \u00e9crire son futur album.<\/p>\n<h2 class=\"sstttrbio\">2003<\/h2>\n<p><img decoding=\"async\" src=\"https:\/\/dahofficial.com\/wordpress\/wp-content\/uploads\/2011\/12\/2003_PHILIPPE_LEVY_560x559.jpg\" border=\"0\" alt=\"Dahofficial Biographie Etienne Daho 2003\" \/><\/a><br \/>\nPhilippe Levy<\/p>\n<p>Parution de <q>R\u00e9\u00e9volution<\/q> (Retour \u00e0 toi, If, L&rsquo;inconstant, R\u00e9\u00e9volution), illustr\u00e9 par Nick Knight. R\u00e9solument plus sombre et \u00e9nigmatique et enregistr\u00e9 avec les musiciens de sa derni\u00e8re tourn\u00e9e, l&rsquo;album est certifi\u00e9 or et nomm\u00e9 album de l&rsquo;ann\u00e9e aux Victoires de la Musique.<br \/>\nDeux invit\u00e9es de prestige sont \u00e0 l&rsquo;honneur. Marianne Faithfull pour la lecture d\u2019un extrait de <q>La v\u00e9nus \u00e0 la fourrure<\/q> de son grand-oncle Leopold Von Sacher-Masoch ainsi que Charlotte Gainsbourg pour <q>If<\/q>. Parution du hit single <q>Retour \u00e0 toi<\/q>, illustr\u00e9 par le clip d&rsquo;animation de H5.<\/p>\n<h2 class=\"sstttrbio\">2004<\/h2>\n<p><img decoding=\"async\" src=\"https:\/\/dahofficial.com\/wordpress\/wp-content\/uploads\/2011\/12\/2004-FREDERIQUE-VEYSSET_560x561.jpg\" border=\"0\" alt=\"Dahofficial Biographie Etienne Daho 2004\" \/><\/a><br \/>\nFr\u00e9d\u00e9rique Veysset<\/p>\n<p>Parution du hit single <q>If<\/q> en duo avec Charlotte Gainsbourg, clipp\u00e9 par Alex et Martin. Cette chanson sera le titre francophone le plus jou\u00e9 dans le monde entier. Etienne d\u00e9marre son tr\u00e8s \u00e9lectrique <q>R\u00e9\u00e9volution Tour<\/q> qui passe par l&rsquo;Olympia et le Z\u00e9nith. Sortie du superbe livre de photographies d\u2019Antoine Giacomoni, <q>Etienne Daho \u00e0 travers le miroir<\/q>, t\u00e9moignage de 20 ann\u00e9es de collaborations.<\/p>\n<h2 class=\"sstttrbio\">2005<\/h2>\n<p><img decoding=\"async\" src=\"https:\/\/dahofficial.com\/wordpress\/wp-content\/uploads\/2011\/12\/2005-MATHIAS-VRIENS_560x369.jpg\" border=\"0\" alt=\"Dahofficial Biographie Etienne Daho 2005\" \/><\/a><br \/>\nMathias Vriens<\/p>\n<p>Double succ\u00e8s pour Daho avec la parution  de <q>Sortir ce soir (Best of Live)<\/q>, enregistr\u00e9 pendant le <q>R\u00e9\u00e9volution Tour<\/q>. L\u2019album live est certifi\u00e9 disque d\u2019or et se hisse \u00e0 la 10\u00e8me place du top, quant au DVD il est certifi\u00e9 platine.<\/p>\n<h2 class=\"sstttrbio\">2006<\/h2>\n<p><img decoding=\"async\" src=\"https:\/\/dahofficial.com\/wordpress\/wp-content\/uploads\/2011\/12\/2006_PR_WORMS_560x372.jpg\" border=\"0\" alt=\"Dahofficial Biographie Etienne Daho 2006\" \/><\/a><br \/>\nPierre Ren\u00e9-Worms<\/p>\n<p>Pour c\u00e9l\u00e9brer les vingt ans de sa sortie, EMI publie une version Deluxe de <q>Pop Satori<\/q> (avec de nombreux bonus et remixes de Fischerspooner, William Orbit). Pour l\u2019occasion Etienne est invit\u00e9 \u00e0 rejouer cet album, consid\u00e9r\u00e9 comme un album fondateur de la pop fran\u00e7aise, au festival des Inrockuptibles \u00e0 l&rsquo;Olympia. Remix\u00e9 par Sweetlight, <q>Le grand sommeil<\/q> redevient un tube sur les dancefloors europ\u00e9ens. Etienne retrouve Elli Medeiros et co-r\u00e9alise <q>EM<\/q>,  son nouvel album dans lequel ils interpr\u00e8tent en duo le classique <q>My heart belongs to daddy<\/q>. Etienne est d\u00e9cor\u00e9 et devient <q>Officier des Arts et des Lettres<\/q>.<\/p>\n","protected":false},"excerpt":{"rendered":"<p>2002 Michel Figuet Parution du hit single Comme un boomerang en duo avec Dani qui se hisse \u00e0 la sixi\u00e8me place des ventes de singles, est certifi\u00e9 disque d\u2019or et est nomm\u00e9 aux Victoires de la Musique. Parution du coffret Dans la peau de Daho qui retrace les moments forts de ses 20 ans de [&hellip;]<\/p>\n","protected":false},"author":3,"featured_media":0,"parent":101,"menu_order":10,"comment_status":"closed","ping_status":"closed","template":"","meta":{"footnotes":""},"_links":{"self":[{"href":"https:\/\/dahofficial.com\/wordpress\/wp-json\/wp\/v2\/pages\/153"}],"collection":[{"href":"https:\/\/dahofficial.com\/wordpress\/wp-json\/wp\/v2\/pages"}],"about":[{"href":"https:\/\/dahofficial.com\/wordpress\/wp-json\/wp\/v2\/types\/page"}],"author":[{"embeddable":true,"href":"https:\/\/dahofficial.com\/wordpress\/wp-json\/wp\/v2\/users\/3"}],"replies":[{"embeddable":true,"href":"https:\/\/dahofficial.com\/wordpress\/wp-json\/wp\/v2\/comments?post=153"}],"version-history":[{"count":19,"href":"https:\/\/dahofficial.com\/wordpress\/wp-json\/wp\/v2\/pages\/153\/revisions"}],"predecessor-version":[{"id":13226,"href":"https:\/\/dahofficial.com\/wordpress\/wp-json\/wp\/v2\/pages\/153\/revisions\/13226"}],"up":[{"embeddable":true,"href":"https:\/\/dahofficial.com\/wordpress\/wp-json\/wp\/v2\/pages\/101"}],"wp:attachment":[{"href":"https:\/\/dahofficial.com\/wordpress\/wp-json\/wp\/v2\/media?parent=153"}],"curies":[{"name":"wp","href":"https:\/\/api.w.org\/{rel}","templated":true}]}}