{"id":149,"date":"2010-11-03T15:33:51","date_gmt":"2010-11-03T15:33:51","guid":{"rendered":"http:\/\/dahofficial.com\/wordpress\/"},"modified":"2024-03-20T21:19:36","modified_gmt":"2024-03-20T19:19:36","slug":"1996-1999-eden","status":"publish","type":"page","link":"https:\/\/dahofficial.com\/wordpress\/lartiste\/1996-1999-eden\/","title":{"rendered":"1996 &#8211; 1999  \/ eden"},"content":{"rendered":"<h2 class=\"sstttrbio\">1996<\/h2>\n<p><img decoding=\"async\" src=\"https:\/\/dahofficial.com\/wordpress\/wp-content\/uploads\/2011\/12\/1996-MARTIN-GARDNER_560x560.jpg\" border=\"0\" alt=\"Dahofficial Biographie Etienne Daho 1996\" \/><\/a><br \/>\nMartin Gardner<\/p>\n<p>Parution de l\u2019album <q>Eden<\/q> (Soudain, Au commencement, Me manquer, Les bords de Seine). R\u00e9alis\u00e9 \u00e0 Londres avec Arnold Turboust et en collaboration avec de nombreux artistes (The Swingle Singers, Astrud Gilberto, Comateens, Mark Stent, David Whitaker&#8230;), l&rsquo;album est certifi\u00e9 disque d\u2019or et nomm\u00e9 <q>Album de l\u2019ann\u00e9e<\/q> aux Victoires de la musique. D\u00e9routant, classique et \u00e9lectronique, Daho montre une autre facette de ses possibilit\u00e9s musicales et signe son chef d&rsquo;oeuvre.<\/p>\n<h2 class=\"sstttrbio\">1997<\/h2>\n<p><img decoding=\"async\" src=\"https:\/\/dahofficial.com\/wordpress\/wp-content\/uploads\/2011\/12\/1997_X_560x376.jpg\" border=\"0\" alt=\"Dahofficial Biographie Etienne Daho 1997\" \/><\/a><br \/>\nCollection personnelle<\/p>\n<p>Parution des singles <q>Soudain<\/q> et <q>Me manquer<\/q> remix\u00e9 par Air. Etienne chante \u00e9galement au Th\u00e9\u00e2tre Moli\u00e8re <q>Sur mon cou<\/q>, un texte de l\u2019\u00e9crivain Jean Genet, <q>Le condamn\u00e9 \u00e0 mort<\/q>. Le <q>Kaleidoscope Tour<\/q> marque son grand retour sur sc\u00e8ne apr\u00e8s 4 ans d\u2019absence. Spectacle aux couleurs techno-pop, il s\u2019arr\u00eate au ICA de Londres et passe par l\u2019Olympia o\u00f9 il joue \u00e0 guichets ferm\u00e9s.<\/p>\n<h2 class=\"sstttrbio\">1998<\/h2>\n<p><img decoding=\"async\" src=\"https:\/\/dahofficial.com\/wordpress\/wp-content\/uploads\/2011\/12\/1998-X_560x560.jpg\" border=\"0\" alt=\"Dahofficial Biographie Etienne Daho 1998\" \/><\/a><br \/>\nColection personnelle<\/p>\n<p>Le <q>Kaleidoscope Tour<\/q> se poursuit et un live in\u00e9dit est enregistr\u00e9 \u00e0 Rennes Salle de La Cit\u00e9 o\u00f9 Etienne avait d\u00e9but\u00e9 en D\u00e9cembre 1980. Etienne obtient 2 nominations aux Victoires de la Musique (Concert et Chanteur de l\u2019ann\u00e9e).<br \/>\nIl y interpr\u00e8te pour l\u2019occasion une version de <q>Sur mon cou<\/q> de l\u2019oeuvre de Jean Genet mis en musique par H\u00e9l\u00e8ne Martin.<br \/>\nParution de <q>Best of singles<\/q> certifi\u00e9 double album de platine, dont est extrait  le hit single <q>Le premier jour\u00a0du reste de ta vie<\/q>. Etienne \u00e9crit et compose <q>L\u2019autre moi<\/q> pour Jane Birkin.<\/p>\n<h2 class=\"sstttrbio\">1999<\/h2>\n<p><img decoding=\"async\" src=\"https:\/\/dahofficial.com\/wordpress\/wp-content\/uploads\/2011\/12\/1999-LEE-STRICKLAND_560x560.jpg\" border=\"0\" alt=\"Dahofficial Biographie Etienne Daho 1999\" \/><\/a><br \/>\nLee Strickland<\/p>\n<p>Une nouvelle fois nomm\u00e9 aux Victoires de la Musique en tant que chanteur de l\u2019ann\u00e9e et pour la chanson <q>Le premier jour<\/q>, Etienne se r\u00e9installe \u00e0 Londres pour \u00e9crire son nouvel album. Il chante en duo <q>Dis lui toi que je t\u2019aime<\/q> avec Vanessa Paradis. <\/p>\n","protected":false},"excerpt":{"rendered":"<p>1996 Martin Gardner Parution de l\u2019album Eden (Soudain, Au commencement, Me manquer, Les bords de Seine). R\u00e9alis\u00e9 \u00e0 Londres avec Arnold Turboust et en collaboration avec de nombreux artistes (The Swingle Singers, Astrud Gilberto, Comateens, Mark Stent, David Whitaker&#8230;), l&rsquo;album est certifi\u00e9 disque d\u2019or et nomm\u00e9 Album de l\u2019ann\u00e9e aux Victoires de la musique. D\u00e9routant, [&hellip;]<\/p>\n","protected":false},"author":3,"featured_media":0,"parent":101,"menu_order":8,"comment_status":"closed","ping_status":"closed","template":"","meta":{"footnotes":""},"_links":{"self":[{"href":"https:\/\/dahofficial.com\/wordpress\/wp-json\/wp\/v2\/pages\/149"}],"collection":[{"href":"https:\/\/dahofficial.com\/wordpress\/wp-json\/wp\/v2\/pages"}],"about":[{"href":"https:\/\/dahofficial.com\/wordpress\/wp-json\/wp\/v2\/types\/page"}],"author":[{"embeddable":true,"href":"https:\/\/dahofficial.com\/wordpress\/wp-json\/wp\/v2\/users\/3"}],"replies":[{"embeddable":true,"href":"https:\/\/dahofficial.com\/wordpress\/wp-json\/wp\/v2\/comments?post=149"}],"version-history":[{"count":22,"href":"https:\/\/dahofficial.com\/wordpress\/wp-json\/wp\/v2\/pages\/149\/revisions"}],"predecessor-version":[{"id":13224,"href":"https:\/\/dahofficial.com\/wordpress\/wp-json\/wp\/v2\/pages\/149\/revisions\/13224"}],"up":[{"embeddable":true,"href":"https:\/\/dahofficial.com\/wordpress\/wp-json\/wp\/v2\/pages\/101"}],"wp:attachment":[{"href":"https:\/\/dahofficial.com\/wordpress\/wp-json\/wp\/v2\/media?parent=149"}],"curies":[{"name":"wp","href":"https:\/\/api.w.org\/{rel}","templated":true}]}}