{"id":141,"date":"2010-11-03T15:32:07","date_gmt":"2010-11-03T13:32:07","guid":{"rendered":"http:\/\/dahofficial.com\/wordpress\/"},"modified":"2024-03-20T21:21:33","modified_gmt":"2024-03-20T19:21:33","slug":"1986-1987-pop-satori","status":"publish","type":"page","link":"https:\/\/dahofficial.com\/wordpress\/lartiste\/1986-1987-pop-satori\/","title":{"rendered":"1986 \u2013 1987 \/ pop satori"},"content":{"rendered":"<h2 class=\"sstttrbio\">1986<\/h2>\n<p><img decoding=\"async\" src=\"https:\/\/dahofficial.com\/wordpress\/wp-content\/uploads\/2011\/12\/1986_YOURI_LENQUETTE_560x362.jpg\" border=\"0\" alt=\"Dahofficial Biographie Etienne Daho 1986\" \/><\/a><br \/>\nYouri Lenquette<\/p>\n<p>Enregistr\u00e9 \u00e0 Londres avec Torch Song, le groupe de William Orbit (futur producteur de Blur, Madonna&#8230;) l\u2019album <q>Pop Satori<\/q> (Epaule Tattoo, Duel au soleil, Tomb\u00e9 pour La France, Paris Le Flore) est un \u00e9v\u00e8nement. Certifi\u00e9 disque de platine, 3 nominations aux Victoires de la Musique, ce 3\u00e8me album provoque la <q>Dahomania<\/q> et impose Daho comme le chef de file de la pop fran\u00e7aise. La tourn\u00e9e triomphale (Satori Tour) transite par Paris pendant 8 soirs \u00e0 l\u2019Olympia et s&rsquo;ach\u00e8ve \u00e0 Rennes aux Transmusicales.<\/p>\n<h2 class=\"sstttrbio\">1987<\/h2>\n<p><img decoding=\"async\" src=\"https:\/\/dahofficial.com\/wordpress\/wp-content\/uploads\/2011\/12\/1987_RICHARD_DUMAS_MD_Nico_560x395.jpg\" border=\"0\" alt=\"Dahofficial Biographie Etienne Daho 1987\" \/><\/a><br \/>\nEtienne avec Nico, Richard Dumas<\/p>\n<p>Parution du hit single <q>Duel au soleil<\/q> et de <q>ED Collection<\/q> qui r\u00e9unit des faces B, raret\u00e9s et des titres remix\u00e9s. Les European music Awards d\u00e9cernent leur prix au clip de <q>Epaule Tattoo<\/q> r\u00e9alis\u00e9 par Philippe Gautier. Le 7\u00e8me art s\u2019int\u00e9resse au ph\u00e9nom\u00e8ne Daho, et Etienne apparait dans les films <q>Jeux d\u2019artifices<\/q> de Virginie Thevenet et <q>D\u00e9sordre<\/q> d\u2019Olivier Assayas. Il \u00e9crit \u00e9galement pour Jacques Dutronc et produit pour son propre label, les singles de Dani et des Valentins. <\/p>\n","protected":false},"excerpt":{"rendered":"<p>1986 Youri Lenquette Enregistr\u00e9 \u00e0 Londres avec Torch Song, le groupe de William Orbit (futur producteur de Blur, Madonna&#8230;) l\u2019album Pop Satori (Epaule Tattoo, Duel au soleil, Tomb\u00e9 pour La France, Paris Le Flore) est un \u00e9v\u00e8nement. Certifi\u00e9 disque de platine, 3 nominations aux Victoires de la Musique, ce 3\u00e8me album provoque la Dahomania et [&hellip;]<\/p>\n","protected":false},"author":3,"featured_media":0,"parent":101,"menu_order":4,"comment_status":"closed","ping_status":"closed","template":"","meta":{"footnotes":""},"_links":{"self":[{"href":"https:\/\/dahofficial.com\/wordpress\/wp-json\/wp\/v2\/pages\/141"}],"collection":[{"href":"https:\/\/dahofficial.com\/wordpress\/wp-json\/wp\/v2\/pages"}],"about":[{"href":"https:\/\/dahofficial.com\/wordpress\/wp-json\/wp\/v2\/types\/page"}],"author":[{"embeddable":true,"href":"https:\/\/dahofficial.com\/wordpress\/wp-json\/wp\/v2\/users\/3"}],"replies":[{"embeddable":true,"href":"https:\/\/dahofficial.com\/wordpress\/wp-json\/wp\/v2\/comments?post=141"}],"version-history":[{"count":28,"href":"https:\/\/dahofficial.com\/wordpress\/wp-json\/wp\/v2\/pages\/141\/revisions"}],"predecessor-version":[{"id":13220,"href":"https:\/\/dahofficial.com\/wordpress\/wp-json\/wp\/v2\/pages\/141\/revisions\/13220"}],"up":[{"embeddable":true,"href":"https:\/\/dahofficial.com\/wordpress\/wp-json\/wp\/v2\/pages\/101"}],"wp:attachment":[{"href":"https:\/\/dahofficial.com\/wordpress\/wp-json\/wp\/v2\/media?parent=141"}],"curies":[{"name":"wp","href":"https:\/\/api.w.org\/{rel}","templated":true}]}}