{"id":137,"date":"2010-11-03T15:31:22","date_gmt":"2010-11-03T15:31:22","guid":{"rendered":"http:\/\/dahofficial.com\/wordpress\/"},"modified":"2024-03-20T21:22:02","modified_gmt":"2024-03-20T19:22:02","slug":"1983-1984-la-notte-la-notte","status":"publish","type":"page","link":"https:\/\/dahofficial.com\/wordpress\/lartiste\/1983-1984-la-notte-la-notte\/","title":{"rendered":"1983 &#8211; 1984  \/ la notte la notte"},"content":{"rendered":"<h2 class=\"sstttrbio\">1983<\/h2>\n<p><img decoding=\"async\" src=\"https:\/\/dahofficial.com\/wordpress\/wp-content\/uploads\/2011\/12\/1983_JEAN_ERIC_PERRIN_560x315.jpg\" border=\"0\" alt=\"Dahofficial Biographie Etienne Daho 1983\" \/><\/a><br \/>\nJean Eric Perrin<\/p>\n<p>Etienne, Franck Darcel et Arnold Turboust s&rsquo;installent \u00e0 Paris. Ensemble, ils \u00e9crivent et enregistrent <q>La Notte, la Notte<\/q>, deuxi\u00e8me opus d&rsquo;Etienne, annonc\u00e9 par un premier single <q>Sortir ce soir<\/q>. Etienne rejoint \u00e0 plusieurs reprises, la tourn\u00e9e fran\u00e7aise du groupe new yorkais Comateens pour interpr\u00e9ter 3 titres avec eux.<br \/>\n<\/br><\/p>\n<h2 class=\"sstttrbio\">1984<\/h2>\n<p><img decoding=\"async\" src=\"https:\/\/dahofficial.com\/wordpress\/wp-content\/uploads\/2011\/12\/1984_JEAN_ERIC_PERRIN_560x416.jpg\" border=\"0\" alt=\"Dahofficial Biographie Etienne Daho 1984\" \/><\/a><br \/>\nJean Eric Perrin<\/p>\n<p>R\u00e9alis\u00e9 par Franck Darcel, le deuxi\u00e8me album\u00a0 <q>La Notte, la notte<\/q> (Week end \u00e0 Rome, Sortir ce soir, Le grand sommeil), magnifiquement illustr\u00e9 par Pierre et Gilles, est certifi\u00e9 disque d&rsquo;or. Le <q>Son Daho<\/q>, m\u00e9lange de pop fran\u00e7aise, new wave et \u00e9lectronique, s\u00e9duit le public et les m\u00e9dias. Le single <q>Week end \u00e0 Rome<\/q> devient un standard incontournable. Etienne se produit a la Danceteria \u00e0 New York.    <\/p>\n","protected":false},"excerpt":{"rendered":"<p>1983 Jean Eric Perrin Etienne, Franck Darcel et Arnold Turboust s&rsquo;installent \u00e0 Paris. Ensemble, ils \u00e9crivent et enregistrent La Notte, la Notte, deuxi\u00e8me opus d&rsquo;Etienne, annonc\u00e9 par un premier single Sortir ce soir. Etienne rejoint \u00e0 plusieurs reprises, la tourn\u00e9e fran\u00e7aise du groupe new yorkais Comateens pour interpr\u00e9ter 3 titres avec eux. 1984 Jean Eric [&hellip;]<\/p>\n","protected":false},"author":3,"featured_media":0,"parent":101,"menu_order":2,"comment_status":"closed","ping_status":"closed","template":"","meta":{"footnotes":""},"_links":{"self":[{"href":"https:\/\/dahofficial.com\/wordpress\/wp-json\/wp\/v2\/pages\/137"}],"collection":[{"href":"https:\/\/dahofficial.com\/wordpress\/wp-json\/wp\/v2\/pages"}],"about":[{"href":"https:\/\/dahofficial.com\/wordpress\/wp-json\/wp\/v2\/types\/page"}],"author":[{"embeddable":true,"href":"https:\/\/dahofficial.com\/wordpress\/wp-json\/wp\/v2\/users\/3"}],"replies":[{"embeddable":true,"href":"https:\/\/dahofficial.com\/wordpress\/wp-json\/wp\/v2\/comments?post=137"}],"version-history":[{"count":24,"href":"https:\/\/dahofficial.com\/wordpress\/wp-json\/wp\/v2\/pages\/137\/revisions"}],"predecessor-version":[{"id":13218,"href":"https:\/\/dahofficial.com\/wordpress\/wp-json\/wp\/v2\/pages\/137\/revisions\/13218"}],"up":[{"embeddable":true,"href":"https:\/\/dahofficial.com\/wordpress\/wp-json\/wp\/v2\/pages\/101"}],"wp:attachment":[{"href":"https:\/\/dahofficial.com\/wordpress\/wp-json\/wp\/v2\/media?parent=137"}],"curies":[{"name":"wp","href":"https:\/\/api.w.org\/{rel}","templated":true}]}}