{"id":10633,"date":"2022-01-26T18:25:15","date_gmt":"2022-01-26T16:25:15","guid":{"rendered":"http:\/\/dahofficial.com\/wordpress\/?page_id=10633"},"modified":"2024-04-04T21:23:52","modified_gmt":"2024-04-04T19:23:52","slug":"maxis-remix-surf","status":"publish","type":"page","link":"https:\/\/dahofficial.com\/wordpress\/maxis-remix-surf\/","title":{"rendered":"MAXIS \/ REMIX<br\/> Surf"},"content":{"rendered":"<p><!-- ENTETE 1 Titre Image Sigles incrust\u00e9s \u00ab SURF \u00bb --><\/p>\n<p><img loading=\"lazy\" decoding=\"async\" style=\"border: none;\" src=\"https:\/\/dahofficial.com\/wordpress\/wp-content\/themes\/dahofficial\/discographie\/surf\/images\/couv_surf_1.jpg\" alt=\"Etienne Daho - Surf\" width=\"560\" height=\"477\" border=\"0\"><\/p>\n<p><!-- ONGLETS Credits Single Maxi Live\/dvd --><\/p>\n<div id=\"sousmenu\">\n<ul class=\"nav\">\n<li class=\"crediz\"><a class=\"example7\" href=\"https:\/\/dahofficial.com\/wordpress\/wp-content\/themes\/dahofficial\/discographie\/surf\/credits_surf.html\"><img loading=\"lazy\" decoding=\"async\" style=\"border: none; margin: 0; padding: 0;\" src=\"https:\/\/dahofficial.com\/wordpress\/wp-content\/themes\/dahofficial\/images\/btn_credits.gif\" border=\"0\" alt=\"\" width=\"111\" height=\"36\"><\/a><\/li>\n<p><a href=\"https:\/\/dahofficial.com\/wordpress\/singles-surf\/\" target=\"\" rel=\"noopener noreferrer\"><img loading=\"lazy\" decoding=\"async\" style=\"border: none; margin: 0; padding: 0;\" src=\"https:\/\/dahofficial.com\/wordpress\/wp-content\/themes\/dahofficial\/images\/btn_single.gif\" border=\"0\" alt=\"\" width=\"98\" height=\"36\"><\/a><img loading=\"lazy\" decoding=\"async\" style=\"border: none; margin: 0; padding: 0;\" src=\"https:\/\/dahofficial.com\/wordpress\/wp-content\/themes\/dahofficial\/images\/btn_maxi_remix.gif\" border=\"0\" alt=\"\" width=\"128\" height=\"36\"><a href=\"https:\/\/dahofficial.com\/wordpress\/lives-dvd-videos-surf\/\" target=\"\" rel=\"noopener noreferrer\"><img loading=\"lazy\" decoding=\"async\" style=\"border: none; margin: 0; padding: 0;\" src=\"https:\/\/dahofficial.com\/wordpress\/wp-content\/themes\/dahofficial\/images\/btn_live_dvd.gif\" border=\"0\" alt=\"\" width=\"131\" height=\"36\"><\/a><\/ul>\n<\/div>\n<p><!-- double liseret gris --><\/p>\n<p><img loading=\"lazy\" decoding=\"async\" style=\"border: none;\" src=\"https:\/\/dahofficial.com\/wordpress\/wp-content\/themes\/dahofficial\/images\/ttr_bio_page.gif\" border=\"0\" alt=\"\" width=\"560\" height=\"34\"><\/p>\n<p><!-- PRESENTATION --><\/p>\n<p>&nbsp;<\/p>\n<h1><\/h1>\n<p><strong> Les maxis et remix de la p\u00e9riode <q>Surf<\/q><\/strong><\/p>\n<p><!-- double liseret gris --><\/p>\n<p>A ce jour il n&rsquo;y a aucun maxi ou remix pour cet album<\/p>\n<p>&nbsp;<\/p>\n<p><!-- RETOUR --><\/p>\n<p><img loading=\"lazy\" decoding=\"async\" style=\"border: none;\" src=\"https:\/\/dahofficial.com\/wordpress\/wp-content\/themes\/dahofficial\/images\/ttr_bio_page.gif\" border=\"0\" alt=\"\" width=\"560\" height=\"34\"><\/p>\n<p><a href=\"https:\/\/dahofficial.com\/wordpress\/discographie\/surf\/\"><\/p>\n<h3>Retour au chapitre <q>Surf<\/q><\/h3>\n<p><\/a><\/p>\n<p>&nbsp;<\/p>\n<p><!-- liseret gris --><\/p>\n<p><!-- COMMENTAIRE FINAL --><\/p>\n<p><img loading=\"lazy\" decoding=\"async\" style=\"border: none;\" src=\"https:\/\/dahofficial.com\/wordpress\/wp-content\/themes\/dahofficial\/images\/ttr_bio_page.gif\" border=\"0\" alt=\"\" width=\"560\" height=\"34\"><br \/>\nNous d\u00e9sirons que le site d&rsquo;Etienne soit le plus complet et le plus parfait possible.<br \/>\nSi vous d\u00e9tectez la moindre erreur, un souci de lien, ou si vous d\u00e9sirez apporter un compl\u00e9ment d&rsquo;information ou un document, nous vous invitons \u00e0 nous contacter \u00e0 l&rsquo;adresse mail suivante : webmaster@dahofficial.com<br \/>\nLe site d&rsquo;Etienne vous remercie par avance.<\/p>\n<p><!-- liseret gris --><\/p>\n<p><img loading=\"lazy\" decoding=\"async\" style=\"border: none;\" src=\"https:\/\/dahofficial.com\/wordpress\/wp-content\/themes\/dahofficial\/images\/ttr_bio_page.gif\" border=\"0\" alt=\"\" width=\"560\" height=\"34\"><\/p>\n","protected":false},"excerpt":{"rendered":"<p>&nbsp; Les maxis et remix de la p\u00e9riode Surf A ce jour il n&rsquo;y a aucun maxi ou remix pour cet album &nbsp; Retour au chapitre Surf &nbsp; Nous d\u00e9sirons que le site d&rsquo;Etienne soit le plus complet et le plus parfait possible. Si vous d\u00e9tectez la moindre erreur, un souci de lien, ou si [&hellip;]<\/p>\n","protected":false},"author":3,"featured_media":0,"parent":0,"menu_order":0,"comment_status":"closed","ping_status":"closed","template":"","meta":{"footnotes":""},"_links":{"self":[{"href":"https:\/\/dahofficial.com\/wordpress\/wp-json\/wp\/v2\/pages\/10633"}],"collection":[{"href":"https:\/\/dahofficial.com\/wordpress\/wp-json\/wp\/v2\/pages"}],"about":[{"href":"https:\/\/dahofficial.com\/wordpress\/wp-json\/wp\/v2\/types\/page"}],"author":[{"embeddable":true,"href":"https:\/\/dahofficial.com\/wordpress\/wp-json\/wp\/v2\/users\/3"}],"replies":[{"embeddable":true,"href":"https:\/\/dahofficial.com\/wordpress\/wp-json\/wp\/v2\/comments?post=10633"}],"version-history":[{"count":6,"href":"https:\/\/dahofficial.com\/wordpress\/wp-json\/wp\/v2\/pages\/10633\/revisions"}],"predecessor-version":[{"id":13773,"href":"https:\/\/dahofficial.com\/wordpress\/wp-json\/wp\/v2\/pages\/10633\/revisions\/13773"}],"wp:attachment":[{"href":"https:\/\/dahofficial.com\/wordpress\/wp-json\/wp\/v2\/media?parent=10633"}],"curies":[{"name":"wp","href":"https:\/\/api.w.org\/{rel}","templated":true}]}}